{"id":7865,"date":"2017-02-20T12:22:21","date_gmt":"2017-02-20T17:22:21","guid":{"rendered":"http:\/\/westislandmusiclessons.ca\/?page_id=7865\/"},"modified":"2017-02-20T12:27:56","modified_gmt":"2017-02-20T17:27:56","slug":"piano","status":"publish","type":"page","link":"https:\/\/westislandmusiclessons.com\/fr\/cours\/piano\/","title":{"rendered":"Piano"},"content":{"rendered":"<div class=\"wpb-content-wrapper\">[mk_page_section][vc_column][mk_ornamental_title font_family=\u00a0\u00bbnone\u00a0\u00bb font_size=\u00a0\u00bb45&Prime; font_weight=\u00a0\u00bbbold\u00a0\u00bb font_style=\u00a0\u00bbnormal\u00a0\u00bb ornament_style=\u00a0\u00bbrovi-double\u00a0\u00bb ornament_thickness=\u00a0\u00bb3&Prime; animation=\u00a0\u00bbscale-up\u00a0\u00bb]\n<p style=\"text-align: center;\">Cours de piano<\/p>\n[\/mk_ornamental_title][vc_column_text]Techniques de piano de d\u00e9butant \u00e0 avancer sur une grande vari\u00e9t\u00e9 de claviers[\/vc_column_text][vc_single_image image=\u00a0\u00bb7612&Prime; img_size=\u00a0\u00bbfull\u00a0\u00bb alignment=\u00a0\u00bbcenter\u00a0\u00bb][mk_padding_divider size=\u00a0\u00bb5&Prime;][vc_row_inner][vc_column_inner width=\u00a0\u00bb2\/3&Prime;][vc_column_text]\n<div style=\"margin-bottom: 1em;\"><img loading=\"lazy\" decoding=\"async\" class=\"alignleft wp-image-7893 size-medium\" src=\"http:\/\/westislandmusiclessons.ca\/wp-content\/uploads\/2017\/02\/benefits-300x180.jpg\" width=\"300\" height=\"180\" srcset=\"https:\/\/westislandmusiclessons.com\/wp-content\/uploads\/2017\/02\/benefits-300x180.jpg 300w, https:\/\/westislandmusiclessons.com\/wp-content\/uploads\/2017\/02\/benefits-600x360.jpg 600w, https:\/\/westislandmusiclessons.com\/wp-content\/uploads\/2017\/02\/benefits.jpg 500w\" sizes=\"auto, (max-width: 300px) 100vw, 300px\" \/>Le piano \u00e9tant une base pour tous les instruments, c\u2019est un excellent choix de cours pour une personne n\u2019ayant jamais jou\u00e9 auparavant.<\/div>\n<div><\/div>\n<div style=\"margin-bottom: 1em;\">Les cours de piano sont un choix id\u00e9al pour les \u00e9l\u00e8ves de jeune \u00e2ge, car il y a peu de resctrictions physiques et on peut y apprendre facilement les bases de la musique.<\/div>\n<div><\/div>\n<div style=\"margin-bottom: 1em;\">On peut aussi apprendre diff\u00e9rents styles de musique au piano. Voyez quelques b\u00e9n\u00e9fices des cours de piano.<\/div>\n<div><\/div>\n<div style=\"margin-bottom: 1em;\">Si vous ne poss\u00e9dez pas de piano \u00e0 la maison en d\u00e9butant vos cours, un clavier sera suffisant pour vos d\u00e9buts. Vous pouvez en louer un au Conservatoire, avec option d\u2019achat sur un clavier ou piano, si tel sera votre d\u00e9sir par la suite.<\/div>\n<div>Que vous ayez 3 ou 93 ans, le piano est un tr\u00e8s bon choix de cours.<\/div>\n<div><\/div>\n<div style=\"margin-bottom: 1em;\">Il y a un petit Mozart en chacun de nous, alors pourquoi ne pas choisir le piano comme premier instrument? Voir certains des <a href=\"\/?page_id=7326\">avantages des le\u00e7ons de piano.<\/a><\/div>\n[\/vc_column_text][\/vc_column_inner][vc_column_inner width=\u00a0\u00bb1\/3&Prime;][vc_single_image image=\u00a0\u00bb7877&Prime; img_size=\u00a0\u00bbfull\u00a0\u00bb alignment=\u00a0\u00bbright\u00a0\u00bb el_class=\u00a0\u00bbwicm-product-col\u00a0\u00bb][\/vc_column_inner][\/vc_row_inner][\/vc_column][\/mk_page_section][vc_row][vc_column][\/vc_column][\/vc_row]\n<\/div>","protected":false},"excerpt":{"rendered":"<p>[mk_page_section][vc_column][mk_ornamental_title font_family=\u00a0\u00bbnone\u00a0\u00bb font_size=\u00a0\u00bb45&Prime; font_weight=\u00a0\u00bbbold\u00a0\u00bb font_style=\u00a0\u00bbnormal\u00a0\u00bb ornament_style=\u00a0\u00bbrovi-double\u00a0\u00bb ornament_thickness=\u00a0\u00bb3&Prime; animation=\u00a0\u00bbscale-up\u00a0\u00bb] Cours de piano [\/mk_ornamental_title][vc_column_text]Techniques de piano de d\u00e9butant \u00e0 avancer sur une grande vari\u00e9t\u00e9 de claviers[\/vc_column_text][vc_single_image image=\u00a0\u00bb7612&Prime; img_size=\u00a0\u00bbfull\u00a0\u00bb alignment=\u00a0\u00bbcenter\u00a0\u00bb][mk_padding_divider size=\u00a0\u00bb5&Prime;][vc_row_inner][vc_column_inner width=\u00a0\u00bb2\/3&Prime;][vc_column_text] Le piano \u00e9tant une base pour tous les instruments, c\u2019est un excellent choix de cours pour une personne n\u2019ayant jamais jou\u00e9 auparavant. Les cours de piano [&hellip;]<\/p>\n","protected":false},"author":2,"featured_media":0,"parent":7266,"menu_order":0,"comment_status":"closed","ping_status":"closed","template":"","meta":{"footnotes":""},"class_list":["post-7865","page","type-page","status-publish","hentry"],"yoast_head":"<!-- This site is optimized with the Yoast SEO plugin v27.2 - https:\/\/yoast.com\/product\/yoast-seo-wordpress\/ -->\n<title>Piano - West Island Conservatory of Music<\/title>\n<meta name=\"robots\" content=\"index, follow, max-snippet:-1, max-image-preview:large, max-video-preview:-1\" \/>\n<link rel=\"canonical\" href=\"https:\/\/westislandmusiclessons.com\/fr\/cours\/piano\/\" \/>\n<meta property=\"og:locale\" content=\"fr_FR\" \/>\n<meta property=\"og:type\" content=\"article\" \/>\n<meta property=\"og:title\" content=\"Piano - West Island Conservatory of Music\" \/>\n<meta property=\"og:description\" content=\"[mk_page_section][vc_column][mk_ornamental_title font_family=\u00a0\u00bbnone\u00a0\u00bb font_size=\u00a0\u00bb45&Prime; font_weight=\u00a0\u00bbbold\u00a0\u00bb font_style=\u00a0\u00bbnormal\u00a0\u00bb ornament_style=\u00a0\u00bbrovi-double\u00a0\u00bb ornament_thickness=\u00a0\u00bb3&Prime; animation=\u00a0\u00bbscale-up\u00a0\u00bb] Cours de piano [\/mk_ornamental_title][vc_column_text]Techniques de piano de d\u00e9butant \u00e0 avancer sur une grande vari\u00e9t\u00e9 de claviers[\/vc_column_text][vc_single_image image=\u00a0\u00bb7612&Prime; img_size=\u00a0\u00bbfull\u00a0\u00bb alignment=\u00a0\u00bbcenter\u00a0\u00bb][mk_padding_divider size=\u00a0\u00bb5&Prime;][vc_row_inner][vc_column_inner width=\u00a0\u00bb2\/3&Prime;][vc_column_text] Le piano \u00e9tant une base pour tous les instruments, c\u2019est un excellent choix de cours pour une personne n\u2019ayant jamais jou\u00e9 auparavant. Les cours de piano [&hellip;]\" \/>\n<meta property=\"og:url\" content=\"https:\/\/westislandmusiclessons.com\/fr\/cours\/piano\/\" \/>\n<meta property=\"og:site_name\" content=\"West Island Conservatory of Music\" \/>\n<meta property=\"article:publisher\" content=\"https:\/\/www.facebook.com\/West-Island-Conservatory-of-Music-367225573415368\/\" \/>\n<meta property=\"article:modified_time\" content=\"2017-02-20T17:27:56+00:00\" \/>\n<meta property=\"og:image\" content=\"http:\/\/westislandmusiclessons.ca\/wp-content\/uploads\/2017\/02\/benefits-300x180.jpg\" \/>\n<meta name=\"twitter:card\" content=\"summary_large_image\" \/>\n<meta name=\"twitter:label1\" content=\"Dur\u00e9e de lecture estim\u00e9e\" \/>\n\t<meta name=\"twitter:data1\" content=\"1 minute\" \/>\n<script type=\"application\/ld+json\" class=\"yoast-schema-graph\">{\"@context\":\"https:\/\/schema.org\",\"@graph\":[{\"@type\":\"WebPage\",\"@id\":\"https:\/\/westislandmusiclessons.com\/fr\/cours\/piano\/\",\"url\":\"https:\/\/westislandmusiclessons.com\/fr\/cours\/piano\/\",\"name\":\"Piano - West Island Conservatory of Music\",\"isPartOf\":{\"@id\":\"https:\/\/westislandmusiclessons.com\/fr\/#website\"},\"primaryImageOfPage\":{\"@id\":\"https:\/\/westislandmusiclessons.com\/fr\/cours\/piano\/#primaryimage\"},\"image\":{\"@id\":\"https:\/\/westislandmusiclessons.com\/fr\/cours\/piano\/#primaryimage\"},\"thumbnailUrl\":\"http:\/\/westislandmusiclessons.ca\/wp-content\/uploads\/2017\/02\/benefits-300x180.jpg\",\"datePublished\":\"2017-02-20T17:22:21+00:00\",\"dateModified\":\"2017-02-20T17:27:56+00:00\",\"breadcrumb\":{\"@id\":\"https:\/\/westislandmusiclessons.com\/fr\/cours\/piano\/#breadcrumb\"},\"inLanguage\":\"fr-FR\",\"potentialAction\":[{\"@type\":\"ReadAction\",\"target\":[\"https:\/\/westislandmusiclessons.com\/fr\/cours\/piano\/\"]}]},{\"@type\":\"ImageObject\",\"inLanguage\":\"fr-FR\",\"@id\":\"https:\/\/westislandmusiclessons.com\/fr\/cours\/piano\/#primaryimage\",\"url\":\"http:\/\/westislandmusiclessons.ca\/wp-content\/uploads\/2017\/02\/benefits-300x180.jpg\",\"contentUrl\":\"http:\/\/westislandmusiclessons.ca\/wp-content\/uploads\/2017\/02\/benefits-300x180.jpg\"},{\"@type\":\"BreadcrumbList\",\"@id\":\"https:\/\/westislandmusiclessons.com\/fr\/cours\/piano\/#breadcrumb\",\"itemListElement\":[{\"@type\":\"ListItem\",\"position\":1,\"name\":\"Home\",\"item\":\"https:\/\/westislandmusiclessons.com\/fr\/\"},{\"@type\":\"ListItem\",\"position\":2,\"name\":\"Cours\",\"item\":\"https:\/\/westislandmusiclessons.com\/fr\/cours\/\"},{\"@type\":\"ListItem\",\"position\":3,\"name\":\"Piano\"}]},{\"@type\":\"WebSite\",\"@id\":\"https:\/\/westislandmusiclessons.com\/fr\/#website\",\"url\":\"https:\/\/westislandmusiclessons.com\/fr\/\",\"name\":\"West Island Conservatory of Music\",\"description\":\"Making music magical\",\"publisher\":{\"@id\":\"https:\/\/westislandmusiclessons.com\/fr\/#organization\"},\"potentialAction\":[{\"@type\":\"SearchAction\",\"target\":{\"@type\":\"EntryPoint\",\"urlTemplate\":\"https:\/\/westislandmusiclessons.com\/fr\/?s={search_term_string}\"},\"query-input\":{\"@type\":\"PropertyValueSpecification\",\"valueRequired\":true,\"valueName\":\"search_term_string\"}}],\"inLanguage\":\"fr-FR\"},{\"@type\":\"Organization\",\"@id\":\"https:\/\/westislandmusiclessons.com\/fr\/#organization\",\"name\":\"West Island Conservatory of Music\",\"url\":\"https:\/\/westislandmusiclessons.com\/fr\/\",\"logo\":{\"@type\":\"ImageObject\",\"inLanguage\":\"fr-FR\",\"@id\":\"https:\/\/westislandmusiclessons.com\/fr\/#\/schema\/logo\/image\/\",\"url\":\"https:\/\/westislandmusiclessons.com\/wp-content\/uploads\/2017\/02\/logo-flip-red.png\",\"contentUrl\":\"https:\/\/westislandmusiclessons.com\/wp-content\/uploads\/2017\/02\/logo-flip-red.png\",\"width\":237,\"height\":107,\"caption\":\"West Island Conservatory of Music\"},\"image\":{\"@id\":\"https:\/\/westislandmusiclessons.com\/fr\/#\/schema\/logo\/image\/\"},\"sameAs\":[\"https:\/\/www.facebook.com\/West-Island-Conservatory-of-Music-367225573415368\/\"]}]}<\/script>\n<!-- \/ Yoast SEO plugin. -->","yoast_head_json":{"title":"Piano - West Island Conservatory of Music","robots":{"index":"index","follow":"follow","max-snippet":"max-snippet:-1","max-image-preview":"max-image-preview:large","max-video-preview":"max-video-preview:-1"},"canonical":"https:\/\/westislandmusiclessons.com\/fr\/cours\/piano\/","og_locale":"fr_FR","og_type":"article","og_title":"Piano - West Island Conservatory of Music","og_description":"[mk_page_section][vc_column][mk_ornamental_title font_family=\u00a0\u00bbnone\u00a0\u00bb font_size=\u00a0\u00bb45&Prime; font_weight=\u00a0\u00bbbold\u00a0\u00bb font_style=\u00a0\u00bbnormal\u00a0\u00bb ornament_style=\u00a0\u00bbrovi-double\u00a0\u00bb ornament_thickness=\u00a0\u00bb3&Prime; animation=\u00a0\u00bbscale-up\u00a0\u00bb] Cours de piano [\/mk_ornamental_title][vc_column_text]Techniques de piano de d\u00e9butant \u00e0 avancer sur une grande vari\u00e9t\u00e9 de claviers[\/vc_column_text][vc_single_image image=\u00a0\u00bb7612&Prime; img_size=\u00a0\u00bbfull\u00a0\u00bb alignment=\u00a0\u00bbcenter\u00a0\u00bb][mk_padding_divider size=\u00a0\u00bb5&Prime;][vc_row_inner][vc_column_inner width=\u00a0\u00bb2\/3&Prime;][vc_column_text] Le piano \u00e9tant une base pour tous les instruments, c\u2019est un excellent choix de cours pour une personne n\u2019ayant jamais jou\u00e9 auparavant. Les cours de piano [&hellip;]","og_url":"https:\/\/westislandmusiclessons.com\/fr\/cours\/piano\/","og_site_name":"West Island Conservatory of Music","article_publisher":"https:\/\/www.facebook.com\/West-Island-Conservatory-of-Music-367225573415368\/","article_modified_time":"2017-02-20T17:27:56+00:00","og_image":[{"url":"http:\/\/westislandmusiclessons.ca\/wp-content\/uploads\/2017\/02\/benefits-300x180.jpg","type":"","width":"","height":""}],"twitter_card":"summary_large_image","twitter_misc":{"Dur\u00e9e de lecture estim\u00e9e":"1 minute"},"schema":{"@context":"https:\/\/schema.org","@graph":[{"@type":"WebPage","@id":"https:\/\/westislandmusiclessons.com\/fr\/cours\/piano\/","url":"https:\/\/westislandmusiclessons.com\/fr\/cours\/piano\/","name":"Piano - West Island Conservatory of Music","isPartOf":{"@id":"https:\/\/westislandmusiclessons.com\/fr\/#website"},"primaryImageOfPage":{"@id":"https:\/\/westislandmusiclessons.com\/fr\/cours\/piano\/#primaryimage"},"image":{"@id":"https:\/\/westislandmusiclessons.com\/fr\/cours\/piano\/#primaryimage"},"thumbnailUrl":"http:\/\/westislandmusiclessons.ca\/wp-content\/uploads\/2017\/02\/benefits-300x180.jpg","datePublished":"2017-02-20T17:22:21+00:00","dateModified":"2017-02-20T17:27:56+00:00","breadcrumb":{"@id":"https:\/\/westislandmusiclessons.com\/fr\/cours\/piano\/#breadcrumb"},"inLanguage":"fr-FR","potentialAction":[{"@type":"ReadAction","target":["https:\/\/westislandmusiclessons.com\/fr\/cours\/piano\/"]}]},{"@type":"ImageObject","inLanguage":"fr-FR","@id":"https:\/\/westislandmusiclessons.com\/fr\/cours\/piano\/#primaryimage","url":"http:\/\/westislandmusiclessons.ca\/wp-content\/uploads\/2017\/02\/benefits-300x180.jpg","contentUrl":"http:\/\/westislandmusiclessons.ca\/wp-content\/uploads\/2017\/02\/benefits-300x180.jpg"},{"@type":"BreadcrumbList","@id":"https:\/\/westislandmusiclessons.com\/fr\/cours\/piano\/#breadcrumb","itemListElement":[{"@type":"ListItem","position":1,"name":"Home","item":"https:\/\/westislandmusiclessons.com\/fr\/"},{"@type":"ListItem","position":2,"name":"Cours","item":"https:\/\/westislandmusiclessons.com\/fr\/cours\/"},{"@type":"ListItem","position":3,"name":"Piano"}]},{"@type":"WebSite","@id":"https:\/\/westislandmusiclessons.com\/fr\/#website","url":"https:\/\/westislandmusiclessons.com\/fr\/","name":"West Island Conservatory of Music","description":"Making music magical","publisher":{"@id":"https:\/\/westislandmusiclessons.com\/fr\/#organization"},"potentialAction":[{"@type":"SearchAction","target":{"@type":"EntryPoint","urlTemplate":"https:\/\/westislandmusiclessons.com\/fr\/?s={search_term_string}"},"query-input":{"@type":"PropertyValueSpecification","valueRequired":true,"valueName":"search_term_string"}}],"inLanguage":"fr-FR"},{"@type":"Organization","@id":"https:\/\/westislandmusiclessons.com\/fr\/#organization","name":"West Island Conservatory of Music","url":"https:\/\/westislandmusiclessons.com\/fr\/","logo":{"@type":"ImageObject","inLanguage":"fr-FR","@id":"https:\/\/westislandmusiclessons.com\/fr\/#\/schema\/logo\/image\/","url":"https:\/\/westislandmusiclessons.com\/wp-content\/uploads\/2017\/02\/logo-flip-red.png","contentUrl":"https:\/\/westislandmusiclessons.com\/wp-content\/uploads\/2017\/02\/logo-flip-red.png","width":237,"height":107,"caption":"West Island Conservatory of Music"},"image":{"@id":"https:\/\/westislandmusiclessons.com\/fr\/#\/schema\/logo\/image\/"},"sameAs":["https:\/\/www.facebook.com\/West-Island-Conservatory-of-Music-367225573415368\/"]}]}},"_links":{"self":[{"href":"https:\/\/westislandmusiclessons.com\/fr\/wp-json\/wp\/v2\/pages\/7865","targetHints":{"allow":["GET"]}}],"collection":[{"href":"https:\/\/westislandmusiclessons.com\/fr\/wp-json\/wp\/v2\/pages"}],"about":[{"href":"https:\/\/westislandmusiclessons.com\/fr\/wp-json\/wp\/v2\/types\/page"}],"author":[{"embeddable":true,"href":"https:\/\/westislandmusiclessons.com\/fr\/wp-json\/wp\/v2\/users\/2"}],"replies":[{"embeddable":true,"href":"https:\/\/westislandmusiclessons.com\/fr\/wp-json\/wp\/v2\/comments?post=7865"}],"version-history":[{"count":5,"href":"https:\/\/westislandmusiclessons.com\/fr\/wp-json\/wp\/v2\/pages\/7865\/revisions"}],"predecessor-version":[{"id":7897,"href":"https:\/\/westislandmusiclessons.com\/fr\/wp-json\/wp\/v2\/pages\/7865\/revisions\/7897"}],"up":[{"embeddable":true,"href":"https:\/\/westislandmusiclessons.com\/fr\/wp-json\/wp\/v2\/pages\/7266"}],"wp:attachment":[{"href":"https:\/\/westislandmusiclessons.com\/fr\/wp-json\/wp\/v2\/media?parent=7865"}],"curies":[{"name":"wp","href":"https:\/\/api.w.org\/{rel}","templated":true}]}}