{"id":7493,"date":"2017-02-06T10:55:55","date_gmt":"2017-02-06T15:55:55","guid":{"rendered":"http:\/\/westislandmusiclessons.ca\/fr\/?page_id=7493"},"modified":"2017-02-13T18:02:26","modified_gmt":"2017-02-13T23:02:26","slug":"conditions-dutilisation","status":"publish","type":"page","link":"https:\/\/westislandmusiclessons.com\/fr\/conditions-dutilisation\/","title":{"rendered":"Conditions d\u00a0\u00bbutilisation"},"content":{"rendered":"<h1>Conditions d\u00a0\u00bbutilisation<\/h1>\n<p>Conditions d\u00a0\u00bbutilisation &#8211; West Island Conservatory of Music<\/p>\n<p>Votre acc\u00e8s \u00e0 westislandmusiclessons.ca est sujet aux Conditions d\u00a0\u00bbutilisation suivantes. Ces conditions peuvent \u00eatre mise \u00e0 jour de temps en temps sans pr\u00e9avis. En acc\u00e9dant ou en utilisant ce site web, vous consentez d\u2019avoir lu et compris ces Conditions d\u00a0\u00bbutilisation, et acceptez d\u00a0\u00bb\u00eatre li\u00e9 \u00e0 ces Conditions d\u00a0\u00bbutilisation. Si vous \u00eates en d\u00e9saccord avec ces Conditions d\u00a0\u00bbutilisation (car elles peuvent \u00eatre modifi\u00e9es de temps en temps), ou si vous \u00eates insatisfaits avec ce site web, votre seul et unique recours est de cesser d\u00a0\u00bbutiliser ce site web.<\/p>\n<h2>AVIS DE NON-RESPONSABILIT\u00c9\/EXCLUSIONS<\/h2>\n<p>Vous reconnaissez et acceptez que:<\/p>\n<p>a. Bien que nous nous efforcions de fournir les informations les plus r\u00e9centes concernant nos produits et services sur ce site web, et d\u00a0\u00bbautres informations sur notre entreprise, nous ne garantissons pas l\u00a0\u00bbexactitude, l\u00a0\u00bbefficacit\u00e9 et la pertinence de toute information contenue dans ce site web. Chaque personne assume l\u00a0\u00bbenti\u00e8re responsabilit\u00e9 et tous les risques d\u00e9coulant de l\u00a0\u00bbutilisation de ce site Internet. L\u00a0\u00bbinformation est pr\u00e9sent\u00e9e \u00ab\u00a0TELLE QUELLE\u00a0\u00bb et ce site peut contenir des inexactitudes techniques ou des erreurs typographiques. West Island Conservatory of Music se r\u00e9serve le droit d\u2019ajouter, de supprimer ou de modifier toute information \u00e0 tout moment sans pr\u00e9avis.<\/p>\n<p>b. West Island Conservatory of Music NE REPR\u00c9SENTE PAS OU NE GARANTIT PAS D\u2019AUCUNE MANI\u00c8RE LES INFORMATIONS OU LE CONTENU AFFICH\u00c9 SUR CE SITE WEB. West Island Conservatory of Music N\u2019EST PAS RESPONSABLE POUR TOUTE D\u00c9CLARATION NI GARANTIE, EXPRESSE OU IMPLICITE, CR\u00c9\u00c9E L\u00c9GALEMENT, PAR UN CONTRAT OU AUTREMENT, Y COMPRIS, MAIS SANS S\u2019Y LIMITER \u00c0TOUTE GARANTIE DE QUALIT\u00c9 MARCHANDE, D\u00a0\u00bbAD\u00c9QUATION \u00c0 UN USAGE, TITRE OU USAGE L\u00c9GAL PARTICULIER. EN AUCUN CAS West Island Conservatory of Music NE SERA RESPONSABLE DE DOMMAGES DE TOUTE NATURE, Y COMPRIS, MAIS SANS S\u00a0\u00bbY LIMITER AUX DOMMAGES DIRECTS, INDIRECTS, SP\u00c9CIAUX (Y COMPRIS LA PERTE DE PROFIT) NI DOMMAGES DIRECTS OU INDIRECTS PROVENANT DE OU EN RELATION AVEC L\u00a0\u00bbEXISTENCE OU L\u00a0\u00bbUTILISATION DE CE SITE INTERNET ET\/OU PROVENANT DE L\u00a0\u00bbINFORMATION OU DU CONTENU AFFICH\u00c9 SUR CE SITE WEB, PEU IMPORTE SI West Island Conservatory of Music A \u00c9T\u00c9 INFORM\u00c9 DE LA POSSIBILIT\u00c9 DE TELS DOMMAGES.<\/p>\n<p>c. West Island Conservatory of Music n\u00a0\u00bbest pas responsable, et ne fournit aucune garantie d\u00a0\u00bbaucune sorte sur l\u00a0\u00bbexactitude, l\u00a0\u00bbefficacit\u00e9, la rapidit\u00e9 et la pertinence de toute information ou contenu provenant de tiers, y compris les liens hypertextes allant vers ou provenant des sites tiers. Sauf sur indication contraire sur ce site web, West Island Conservatory of Music ne modifiera pas, ne censurera pas ni autrement contr\u00f4lera tout contenu fourni par des tiers sur un babillard \u00e9lectronique, clavardage ou autres forums de nature similaire affich\u00e9 sur son site web. De telles informations devraient \u00eatre consid\u00e9r\u00e9es par cons\u00e9quent suspectes et ne sont pas approuv\u00e9es par West Island Conservatory of Music.<\/p>\n<h2>VOTRE UTILISATION<\/h2>\n<p>Vous comprenez, reconnaissez et acceptez ce qui suit:<\/p>\n<p>a. En utilisant ce site web, vous acceptez de ne pas perturber ou d\u2019intercepter les renseignements \u00e9lectroniques affich\u00e9s sur ce site web ou sur n\u00a0\u00bbimporte lequel de nos serveurs. Vous acceptez \u00e9galement de ne pas tenter de contourner les mesures de s\u00e9curit\u00e9 de notre site web, et de respecter toute loi et r\u00e8glements locaux, provinciaux, d\u2019\u00c9tat, f\u00e9d\u00e9raux et internationaux.<\/p>\n<p>b. Vous accordez \u00e0 West Island Conservatory of Music le droit d\u00a0\u00bbutiliser tout le contenu que vous t\u00e9l\u00e9chargez ou transmettez \u00e0 ce site web, \u00e9tant soumis \u00e0 ces Conditions d\u00a0\u00bbutilisation et Politique de confidentialit\u00e9 de West Island Conservatory of Music dans la mani\u00e8re dont West Island Conservatory of Music choisit, y compris, mais sans s\u00a0\u00bby limiter, \u00e0 la copie, l\u00a0\u00bbaffichage, l\u00a0\u00bbex\u00e9cution ou la publication dans n\u00a0\u00bbimporte quel format, ou de modifier ou d\u2019incorporer le contenu sous d\u2019autres formes ou de cr\u00e9er une nouvelle \u0153uvre bas\u00e9e sur ce contenu.<\/p>\n<p>c. Sauf sur indication et entente pr\u00e9alable avec West Island Conservatory of Music, aucune entente confidentielle sera \u00e9tablie dans le cas o\u00f9 un utilisateur de ce site Internet communiquerait oralement, par \u00e9crit ou \u00e9lectroniquement avec West Island Conservatory of Music (telles que r\u00e9troactions, questions, commentaires, suggestions, id\u00e9es, etc.). Si un site web de West Island Conservatory of Music demande ou exige de telles informations, et ces informations comprennent des informations personnelles (par exemple, le nom, l\u2019adresse, le num\u00e9ro de t\u00e9l\u00e9phone), West Island Conservatory of Music g\u00e9rera, utilisera et maintiendra ces informations de fa\u00e7on consistante avec notre Politique de confidentialit\u00e9. Autrement, de telles communications et tous les renseignements soumis seront consid\u00e9r\u00e9s comme non-confidentiels et West Island Conservatory of Music sera autoris\u00e9 de reproduire, publier ou autrement utiliser ces renseignements \u00e0 n\u2019importe quelle fin. Un utilisateur qui envoie des informations \u00e0 West Island Conservatory of Music est enti\u00e8rement responsable de son contenu, y compris son exactitude et son respect de tout droit de propri\u00e9t\u00e9 et de confidentialit\u00e9 de toute autre personne.<\/p>\n<h2>PROPRI\u00c9T\u00c9 INTELLECTUELLE<\/h2>\n<p>Les informations, documents, images connexes et vid\u00e9os publi\u00e9s sur ce site Internet (les \u00ab\u00a0Informations\u00a0\u00bb) sont la propri\u00e9t\u00e9 exclusive de West Island Conservatory of Music, \u00e0 l\u2019exception des informations fournies par des fournisseurs tiers. L\u00a0\u00bbutilisation de ces Information est permise, \u00e0 condition que (1) la mention de copyright ci-dessus appara\u00eet sur toutes les copies, (2) l\u00a0\u00bbutilisation des Informations soit \u00e0 usage informatif et non commercial ou personnel; (3) les Informations ne soient pas modifi\u00e9es en aucune fa\u00e7on, et (4) aucun graphique de ce site Internet ne soit utilis\u00e9 s\u00e9par\u00e9ment du texte qui l\u00a0\u00bbaccompagne. West Island Conservatory of Music n\u00a0\u00bbest pas responsable du contenu fourni par les fournisseurs tiers, et il est interdit de distribuer ce mat\u00e9riel sans la permission du propri\u00e9taire du droit d\u00a0\u00bbauteur. Sauf si autoris\u00e9 par les pr\u00e9sentes, aucune licence ni aucun droit, explicite ou implicite, n\u00a0\u00bbest accord\u00e9 \u00e0 toute personne \u00e0 l\u2019\u00e9gard de tout brevet, marque ou autre droit de propri\u00e9t\u00e9 de West Island Conservatory of Music.<\/p>\n<p>Il est interdit d\u00a0\u00bbutiliser toute marque de commerce, noms commerciaux, aspects visuels et produits de commerce de West Island Conservatory of Music provenant de ce site Internet sans l\u00a0\u00bbautorisation pr\u00e9alable \u00e9crite de West Island Conservatory of Music, sauf pour identifier les produits ou services de l\u00a0\u00bbentreprise.<\/p>\n<h2>VIE PRIV\u00c9E ET S\u00c9CURIT\u00c9<\/h2>\n<p>West Island Conservatory of Music s\u00a0\u00bbengage \u00e0 prot\u00e9ger votre vie priv\u00e9e en ligne. Nous comprenons l\u00a0\u00bbimportance de la vie priv\u00e9e de nos clients et visiteurs sur notre site web. Notre utilisation des informations personnelles est r\u00e9gie par notre Politique de confidentialit\u00e9 et en acc\u00e9dant et en utilisant notre site web, vous acceptez de respecter cette politique.<\/p>\n<p>Vous reconnaissez et acceptez que lorsque vous soumettez vos informations personnelles \u00e0 skyfold.com, sachant que West Island Conservatory of Music dispose de mesures de s\u00e9curit\u00e9 pour pr\u00e9venir l\u00a0\u00bbacc\u00e8s non autoris\u00e9 ou l\u00a0\u00bbinterception, il n\u00a0\u00bby a aucune garantie absolue de s\u00e9curit\u00e9. DANS LE CAS PEU PROBABLE D\u00a0\u00bbUNE INTERCEPTION OU D\u2019UN ACC\u00c8S NON AUTORIS\u00c9 MALGR\u00c9 NOS EFFORTS, West Island Conservatory of Music NE SERA PAS RESPONSABLE POUR DE TELLES INTERCEPTIONS OU D\u2019ACC\u00c8S NON AUTORIS\u00c9S, NI DOMMAGES DIRECTS, INDIRECTS, SP\u00c9CIAUX, OU ACCIDENTELS (Y COMPRIS LA PERTE DE PROFITS) SUBI PAR UN CLIENT OU UN UTILISATEUR, M\u00caME SI West Island Conservatory of Music A \u00c9T\u00c9 INFORM\u00c9 DE LA POSSIBILIT\u00c9 DE TELS DOMMAGES. West Island Conservatory of Music NE GARANTIT PAS, EXPRESS\u00c9MENT OU IMPLICITEMENT, QUE LES INFORMATIONS FOURNIES PAR UN CLIENT SERONT \u00c0 L\u2019ABRIS D\u2019INTERCEPTIONS OU D\u00a0\u00bbACC\u00c8S NON AUTORIS\u00c9S, ET NE FOURNIT AUCUNE GARANTIE IMPLICITE DE QUALIT\u00c9 MARCHANDE ET D\u00a0\u00bbAD\u00c9QUATION \u00c0 UN USAGE PARTICULIER. LES CLIENTS SONT RESPONSABLES DE MAINTENIR LA CONFIDENTIALIT\u00c9 DE LEURS MOTS DE PASSE.<\/p>\n<h2>LIMITATION DE RESPONSABILIT\u00c9S<\/h2>\n<p>West Island Conservatory of Music n\u00a0\u00bbassume aucune responsabilit\u00e9 pour le mat\u00e9riel, les informations et les opinions fournies, publi\u00e9es, ou autrement disponibles par le biais de ce site web. Vous \u00eates responsable des risques associ\u00e9s si vous vous fiez sur le mat\u00e9riel, les informations et les opinions. West Island Conservatory of Music ne sera pas responsable de tout dommage personnel ou mat\u00e9riel r\u00e9sultant de l\u00a0\u00bbutilisation de ce site web, ou provenant du contenu du site.<\/p>\n<p>CE SITE WEB, LE CONTENU DU SITE ET LES PRODUITS ET SERVICES de West Island Conservatory of Music DISPONIBLES SUR CE SITE WEB SONT FOURNIS SUR UNE BASE \u00abTELS QUELS\u00bb ET \u00abTELS QUE DISPONIBLES\u00bb, D\u00c9FAUTS COMPRIS. EN AUCUN CAS West Island Conservatory of Music, OU SES FILIALES, FOURNISSEURS, DIRECTEURS, EMPLOY\u00c9S OU AGENTS (\u00abPARTIES DE West Island Conservatory of Music\u00bb) SERONT TENUS RESPONSABLES DES DOMMAGES DE TOUTE NATURE, SOUS TOUTE THEORIE JURIDIQUE, PROVENANT DE OU EN RELATION AVEC VOTRE UTILISATION OU DE VOTRE INCAPACIT\u00c9 D\u00a0\u00bbUTILISER CE SITE WEB, LE CONTENU DU SITE, LES SERVICES FOURNIS \u00c0 TRAVERS CE SITE WEB OU \u00c0 TRAVERS TOUT AUTRE SITE LI\u00c9, Y COMPRIS LES DOMMAGES SP\u00c9CIAUX, INDIRECTS, PUNITIFS, VINDICATIFS OU ACCIDENTELS, Y COMPRIS MAIS SANS S\u00a0\u00bbY LIMITER AUX BLESSURES PERSONNELLES, LA PERTE DE PROFITS OU DOMMAGES RESULTANT DE D\u00c9LAIS, INTERRUPTIONS DE SERVICE, VIRUS, SUPPRESSION DE FICHIERS OU DE COMMUNICATIONS \u00c9LECTRONIQUES, OU ERREURS, OMISSIONS OU INEXACTITUDES CONTENUES DANS CE SITE WEB OU DANS LE CONTENU DU SITE, SI OU NON CEUX-CI PROVIENNENT D\u2019UNE N\u00c9GLIGENCE DE West Island Conservatory of Music OU SI OU NON West Island Conservatory of Music A \u00c9T\u00c9 INFORM\u00c9 DE LA POSSIBILIT\u00c9 DE TELS DOMMAGES.<\/p>\n<h2>G\u00c9N\u00c9RALIT\u00c9S<\/h2>\n<p>Vous acceptez que ces Conditions d\u2019utilisation d\u00e9crivent l\u00a0\u00bbint\u00e9gralit\u00e9 de l\u2019entente entre nous \u00e0 l\u2019\u00e9gard des sujets \u00e9nonc\u00e9s. Le site westislandmusiclessons.ca fut cr\u00e9\u00e9 et est g\u00e9r\u00e9 conform\u00e9ment aux lois de la province de Qu\u00e9bec. Les lois de la province de Qu\u00e9bec contr\u00f4leront les modalit\u00e9s et conditions \u00e9nonc\u00e9es dans ces Conditions d\u2019utilisation, sans donner effet aux principes de conflits de lois. Si un tribunal comp\u00e9tent juge qu\u00a0\u00bbune disposition de ces Conditions d\u2019utilisation est invalide ou inapplicable, vous acceptez que les autres dispositions de ces Conditions d\u2019utilisation demeurent enti\u00e8rement valides et applicables.<\/p>\n","protected":false},"excerpt":{"rendered":"<p>Conditions d\u00a0\u00bbutilisation Conditions d\u00a0\u00bbutilisation &#8211; West Island Conservatory of Music Votre acc\u00e8s \u00e0 westislandmusiclessons.ca est sujet aux Conditions d\u00a0\u00bbutilisation suivantes. Ces conditions peuvent \u00eatre mise \u00e0 jour de temps en temps sans pr\u00e9avis. En acc\u00e9dant ou en utilisant ce site web, vous consentez d\u2019avoir lu et compris ces Conditions d\u00a0\u00bbutilisation, et acceptez d\u00a0\u00bb\u00eatre li\u00e9 \u00e0 [&hellip;]<\/p>\n","protected":false},"author":1,"featured_media":0,"parent":0,"menu_order":90,"comment_status":"closed","ping_status":"closed","template":"","meta":{"footnotes":""},"class_list":["post-7493","page","type-page","status-publish","hentry"],"yoast_head":"<!-- This site is optimized with the Yoast SEO plugin v27.3 - https:\/\/yoast.com\/product\/yoast-seo-wordpress\/ -->\n<title>Conditions d&#039;&#039;utilisation - West Island Conservatory of Music<\/title>\n<meta name=\"robots\" content=\"index, follow, max-snippet:-1, max-image-preview:large, max-video-preview:-1\" \/>\n<link rel=\"canonical\" href=\"https:\/\/westislandmusiclessons.com\/fr\/conditions-dutilisation\/\" \/>\n<meta property=\"og:locale\" content=\"fr_FR\" \/>\n<meta property=\"og:type\" content=\"article\" \/>\n<meta property=\"og:title\" content=\"Conditions d&#039;&#039;utilisation - West Island Conservatory of Music\" \/>\n<meta property=\"og:description\" content=\"Conditions d\u00a0\u00bbutilisation Conditions d\u00a0\u00bbutilisation &#8211; West Island Conservatory of Music Votre acc\u00e8s \u00e0 westislandmusiclessons.ca est sujet aux Conditions d\u00a0\u00bbutilisation suivantes. Ces conditions peuvent \u00eatre mise \u00e0 jour de temps en temps sans pr\u00e9avis. En acc\u00e9dant ou en utilisant ce site web, vous consentez d\u2019avoir lu et compris ces Conditions d\u00a0\u00bbutilisation, et acceptez d\u00a0\u00bb\u00eatre li\u00e9 \u00e0 [&hellip;]\" \/>\n<meta property=\"og:url\" content=\"https:\/\/westislandmusiclessons.com\/fr\/conditions-dutilisation\/\" \/>\n<meta property=\"og:site_name\" content=\"West Island Conservatory of Music\" \/>\n<meta property=\"article:publisher\" content=\"https:\/\/www.facebook.com\/West-Island-Conservatory-of-Music-367225573415368\/\" \/>\n<meta property=\"article:modified_time\" content=\"2017-02-13T23:02:26+00:00\" \/>\n<meta name=\"twitter:card\" content=\"summary_large_image\" \/>\n<meta name=\"twitter:label1\" content=\"Dur\u00e9e de lecture estim\u00e9e\" \/>\n\t<meta name=\"twitter:data1\" content=\"8 minutes\" \/>\n<script type=\"application\/ld+json\" class=\"yoast-schema-graph\">{\"@context\":\"https:\\\/\\\/schema.org\",\"@graph\":[{\"@type\":\"WebPage\",\"@id\":\"https:\\\/\\\/westislandmusiclessons.com\\\/fr\\\/conditions-dutilisation\\\/\",\"url\":\"https:\\\/\\\/westislandmusiclessons.com\\\/fr\\\/conditions-dutilisation\\\/\",\"name\":\"Conditions d''utilisation - West Island Conservatory of Music\",\"isPartOf\":{\"@id\":\"https:\\\/\\\/westislandmusiclessons.com\\\/fr\\\/#website\"},\"datePublished\":\"2017-02-06T15:55:55+00:00\",\"dateModified\":\"2017-02-13T23:02:26+00:00\",\"breadcrumb\":{\"@id\":\"https:\\\/\\\/westislandmusiclessons.com\\\/fr\\\/conditions-dutilisation\\\/#breadcrumb\"},\"inLanguage\":\"fr-FR\",\"potentialAction\":[{\"@type\":\"ReadAction\",\"target\":[\"https:\\\/\\\/westislandmusiclessons.com\\\/fr\\\/conditions-dutilisation\\\/\"]}]},{\"@type\":\"BreadcrumbList\",\"@id\":\"https:\\\/\\\/westislandmusiclessons.com\\\/fr\\\/conditions-dutilisation\\\/#breadcrumb\",\"itemListElement\":[{\"@type\":\"ListItem\",\"position\":1,\"name\":\"Home\",\"item\":\"https:\\\/\\\/westislandmusiclessons.com\\\/fr\\\/\"},{\"@type\":\"ListItem\",\"position\":2,\"name\":\"Conditions d\u00a0\u00bbutilisation\"}]},{\"@type\":\"WebSite\",\"@id\":\"https:\\\/\\\/westislandmusiclessons.com\\\/fr\\\/#website\",\"url\":\"https:\\\/\\\/westislandmusiclessons.com\\\/fr\\\/\",\"name\":\"West Island Conservatory of Music\",\"description\":\"Making music magical\",\"publisher\":{\"@id\":\"https:\\\/\\\/westislandmusiclessons.com\\\/fr\\\/#organization\"},\"potentialAction\":[{\"@type\":\"SearchAction\",\"target\":{\"@type\":\"EntryPoint\",\"urlTemplate\":\"https:\\\/\\\/westislandmusiclessons.com\\\/fr\\\/?s={search_term_string}\"},\"query-input\":{\"@type\":\"PropertyValueSpecification\",\"valueRequired\":true,\"valueName\":\"search_term_string\"}}],\"inLanguage\":\"fr-FR\"},{\"@type\":\"Organization\",\"@id\":\"https:\\\/\\\/westislandmusiclessons.com\\\/fr\\\/#organization\",\"name\":\"West Island Conservatory of Music\",\"url\":\"https:\\\/\\\/westislandmusiclessons.com\\\/fr\\\/\",\"logo\":{\"@type\":\"ImageObject\",\"inLanguage\":\"fr-FR\",\"@id\":\"https:\\\/\\\/westislandmusiclessons.com\\\/fr\\\/#\\\/schema\\\/logo\\\/image\\\/\",\"url\":\"https:\\\/\\\/westislandmusiclessons.com\\\/wp-content\\\/uploads\\\/2017\\\/02\\\/logo-flip-red.png\",\"contentUrl\":\"https:\\\/\\\/westislandmusiclessons.com\\\/wp-content\\\/uploads\\\/2017\\\/02\\\/logo-flip-red.png\",\"width\":237,\"height\":107,\"caption\":\"West Island Conservatory of Music\"},\"image\":{\"@id\":\"https:\\\/\\\/westislandmusiclessons.com\\\/fr\\\/#\\\/schema\\\/logo\\\/image\\\/\"},\"sameAs\":[\"https:\\\/\\\/www.facebook.com\\\/West-Island-Conservatory-of-Music-367225573415368\\\/\"]}]}<\/script>\n<!-- \/ Yoast SEO plugin. -->","yoast_head_json":{"title":"Conditions d''utilisation - West Island Conservatory of Music","robots":{"index":"index","follow":"follow","max-snippet":"max-snippet:-1","max-image-preview":"max-image-preview:large","max-video-preview":"max-video-preview:-1"},"canonical":"https:\/\/westislandmusiclessons.com\/fr\/conditions-dutilisation\/","og_locale":"fr_FR","og_type":"article","og_title":"Conditions d''utilisation - West Island Conservatory of Music","og_description":"Conditions d\u00a0\u00bbutilisation Conditions d\u00a0\u00bbutilisation &#8211; West Island Conservatory of Music Votre acc\u00e8s \u00e0 westislandmusiclessons.ca est sujet aux Conditions d\u00a0\u00bbutilisation suivantes. Ces conditions peuvent \u00eatre mise \u00e0 jour de temps en temps sans pr\u00e9avis. En acc\u00e9dant ou en utilisant ce site web, vous consentez d\u2019avoir lu et compris ces Conditions d\u00a0\u00bbutilisation, et acceptez d\u00a0\u00bb\u00eatre li\u00e9 \u00e0 [&hellip;]","og_url":"https:\/\/westislandmusiclessons.com\/fr\/conditions-dutilisation\/","og_site_name":"West Island Conservatory of Music","article_publisher":"https:\/\/www.facebook.com\/West-Island-Conservatory-of-Music-367225573415368\/","article_modified_time":"2017-02-13T23:02:26+00:00","twitter_card":"summary_large_image","twitter_misc":{"Dur\u00e9e de lecture estim\u00e9e":"8 minutes"},"schema":{"@context":"https:\/\/schema.org","@graph":[{"@type":"WebPage","@id":"https:\/\/westislandmusiclessons.com\/fr\/conditions-dutilisation\/","url":"https:\/\/westislandmusiclessons.com\/fr\/conditions-dutilisation\/","name":"Conditions d''utilisation - West Island Conservatory of Music","isPartOf":{"@id":"https:\/\/westislandmusiclessons.com\/fr\/#website"},"datePublished":"2017-02-06T15:55:55+00:00","dateModified":"2017-02-13T23:02:26+00:00","breadcrumb":{"@id":"https:\/\/westislandmusiclessons.com\/fr\/conditions-dutilisation\/#breadcrumb"},"inLanguage":"fr-FR","potentialAction":[{"@type":"ReadAction","target":["https:\/\/westislandmusiclessons.com\/fr\/conditions-dutilisation\/"]}]},{"@type":"BreadcrumbList","@id":"https:\/\/westislandmusiclessons.com\/fr\/conditions-dutilisation\/#breadcrumb","itemListElement":[{"@type":"ListItem","position":1,"name":"Home","item":"https:\/\/westislandmusiclessons.com\/fr\/"},{"@type":"ListItem","position":2,"name":"Conditions d\u00a0\u00bbutilisation"}]},{"@type":"WebSite","@id":"https:\/\/westislandmusiclessons.com\/fr\/#website","url":"https:\/\/westislandmusiclessons.com\/fr\/","name":"West Island Conservatory of Music","description":"Making music magical","publisher":{"@id":"https:\/\/westislandmusiclessons.com\/fr\/#organization"},"potentialAction":[{"@type":"SearchAction","target":{"@type":"EntryPoint","urlTemplate":"https:\/\/westislandmusiclessons.com\/fr\/?s={search_term_string}"},"query-input":{"@type":"PropertyValueSpecification","valueRequired":true,"valueName":"search_term_string"}}],"inLanguage":"fr-FR"},{"@type":"Organization","@id":"https:\/\/westislandmusiclessons.com\/fr\/#organization","name":"West Island Conservatory of Music","url":"https:\/\/westislandmusiclessons.com\/fr\/","logo":{"@type":"ImageObject","inLanguage":"fr-FR","@id":"https:\/\/westislandmusiclessons.com\/fr\/#\/schema\/logo\/image\/","url":"https:\/\/westislandmusiclessons.com\/wp-content\/uploads\/2017\/02\/logo-flip-red.png","contentUrl":"https:\/\/westislandmusiclessons.com\/wp-content\/uploads\/2017\/02\/logo-flip-red.png","width":237,"height":107,"caption":"West Island Conservatory of Music"},"image":{"@id":"https:\/\/westislandmusiclessons.com\/fr\/#\/schema\/logo\/image\/"},"sameAs":["https:\/\/www.facebook.com\/West-Island-Conservatory-of-Music-367225573415368\/"]}]}},"_links":{"self":[{"href":"https:\/\/westislandmusiclessons.com\/fr\/wp-json\/wp\/v2\/pages\/7493","targetHints":{"allow":["GET"]}}],"collection":[{"href":"https:\/\/westislandmusiclessons.com\/fr\/wp-json\/wp\/v2\/pages"}],"about":[{"href":"https:\/\/westislandmusiclessons.com\/fr\/wp-json\/wp\/v2\/types\/page"}],"author":[{"embeddable":true,"href":"https:\/\/westislandmusiclessons.com\/fr\/wp-json\/wp\/v2\/users\/1"}],"replies":[{"embeddable":true,"href":"https:\/\/westislandmusiclessons.com\/fr\/wp-json\/wp\/v2\/comments?post=7493"}],"version-history":[{"count":1,"href":"https:\/\/westislandmusiclessons.com\/fr\/wp-json\/wp\/v2\/pages\/7493\/revisions"}],"predecessor-version":[{"id":7510,"href":"https:\/\/westislandmusiclessons.com\/fr\/wp-json\/wp\/v2\/pages\/7493\/revisions\/7510"}],"wp:attachment":[{"href":"https:\/\/westislandmusiclessons.com\/fr\/wp-json\/wp\/v2\/media?parent=7493"}],"curies":[{"name":"wp","href":"https:\/\/api.w.org\/{rel}","templated":true}]}}