{"id":7350,"date":"2016-09-30T11:18:34","date_gmt":"2016-09-30T15:18:34","guid":{"rendered":"http:\/\/ms.cashin.ca\/wicm1\/fr\/cours\/guitar\/"},"modified":"2017-02-20T12:14:55","modified_gmt":"2017-02-20T17:14:55","slug":"guitare","status":"publish","type":"page","link":"https:\/\/westislandmusiclessons.com\/fr\/cours\/guitare\/","title":{"rendered":"Guitare"},"content":{"rendered":"<div class=\"wpb-content-wrapper\">[vc_row][vc_column][mk_ornamental_title font_family=\u00a0\u00bbnone\u00a0\u00bb font_size=\u00a0\u00bb45&Prime; font_weight=\u00a0\u00bbbold\u00a0\u00bb font_style=\u00a0\u00bbnormal\u00a0\u00bb ornament_style=\u00a0\u00bbrovi-double\u00a0\u00bb ornament_thickness=\u00a0\u00bb3&Prime; animation=\u00a0\u00bbscale-up\u00a0\u00bb]\n<p style=\"text-align: center;\">Cours de guitare<\/p>\n[\/mk_ornamental_title][vc_single_image image=\u00a0\u00bb7608&Prime; img_size=\u00a0\u00bbfull\u00a0\u00bb alignment=\u00a0\u00bbcenter\u00a0\u00bb][vc_row_inner][vc_column_inner width=\u00a0\u00bb2\/3&Prime;][vc_column_text]Nos professeurs exp\u00e9riment\u00e9s Fournir des cours sur les deux instruments \u00e9lectriques et acoustiques des d\u00e9butants gr\u00e2ce \u00e0 des techniques de pointe.<\/p>\n<p>Cours de guitare sont un choix tr\u00e8s populaire pour les \u00e9tudiants de tous \u00e2ges.<\/p>\n<p>La guitare est un instrument que vous pouvez transporter et jouer partout (pas de transport de camion requis).<\/p>\n<p>Cours de guitare sont optimistes, amusant et \u00e9nergisant. Les le\u00e7ons peuvent \u00eatre enseign\u00e9es \u00e0 la guitare \u00e9lectrique, guitare acoustique, guitare classique ou guitare bas\u00e9e. Le choix est \u00e0 l&rsquo;\u00e9tudiant et d\u00e9pend de quel type Habituellement musique de l&rsquo;\u00e9tudiant pr\u00e9f\u00e8re.<\/p>\n<p>Au Conservatoire, nous personnalisons des programmes pour des cours de guitare SELON quels sont les objectifs de nos \u00e9tudiants sont.<\/p>\n<p>Cours de guitare se composent de la technique, le positionnement de la main, le calendrier et la th\u00e9orie en option selon l&rsquo;ambition des \u00e9tudiants.<\/p>\n<p>Souvent, les \u00e9l\u00e8ves inscrivent \u00e0 des cours de guitare pour une raison Ils font nouveau passe-temps, vraiment cool et bien s\u00fbr il y a ceux dont les ambitions sont de devenir la prochaine super star-rock.<\/p>\n<p>Donc Que ce soit juste pour apprendre certaines de vos chansons pr\u00e9f\u00e9r\u00e9es ou pour devenir le prochain Jimmy Hendrix ou Edward Van Halen le\u00e7ons de guitare sont le chemin \u00e0 parcourir.[\/vc_column_text][\/vc_column_inner][vc_column_inner width=\u00a0\u00bb1\/3&Prime;][vc_single_image image=\u00a0\u00bb7877&Prime; img_size=\u00a0\u00bbfull\u00a0\u00bb alignment=\u00a0\u00bbright\u00a0\u00bb el_class=\u00a0\u00bbwicm-product-col\u00a0\u00bb][\/vc_column_inner][\/vc_row_inner][\/vc_column][vc_column][\/vc_column][\/vc_row]\n<\/div>","protected":false},"excerpt":{"rendered":"<p>[vc_row][vc_column][mk_ornamental_title font_family=\u00a0\u00bbnone\u00a0\u00bb font_size=\u00a0\u00bb45&Prime; font_weight=\u00a0\u00bbbold\u00a0\u00bb font_style=\u00a0\u00bbnormal\u00a0\u00bb ornament_style=\u00a0\u00bbrovi-double\u00a0\u00bb ornament_thickness=\u00a0\u00bb3&Prime; animation=\u00a0\u00bbscale-up\u00a0\u00bb] Cours de guitare [\/mk_ornamental_title][vc_single_image image=\u00a0\u00bb7608&Prime; img_size=\u00a0\u00bbfull\u00a0\u00bb alignment=\u00a0\u00bbcenter\u00a0\u00bb][vc_row_inner][vc_column_inner width=\u00a0\u00bb2\/3&Prime;][vc_column_text]Nos professeurs exp\u00e9riment\u00e9s Fournir des cours sur les deux instruments \u00e9lectriques et acoustiques des d\u00e9butants gr\u00e2ce \u00e0 des techniques de pointe. Cours de guitare sont un choix tr\u00e8s populaire pour les \u00e9tudiants de tous \u00e2ges. La guitare est un instrument [&hellip;]<\/p>\n","protected":false},"author":2,"featured_media":0,"parent":7266,"menu_order":0,"comment_status":"closed","ping_status":"closed","template":"","meta":{"footnotes":""},"class_list":["post-7350","page","type-page","status-publish","hentry"],"yoast_head":"<!-- This site is optimized with the Yoast SEO plugin v27.2 - https:\/\/yoast.com\/product\/yoast-seo-wordpress\/ -->\n<title>Guitare - West Island Conservatory of Music<\/title>\n<meta name=\"robots\" content=\"index, follow, max-snippet:-1, max-image-preview:large, max-video-preview:-1\" \/>\n<link rel=\"canonical\" href=\"https:\/\/westislandmusiclessons.com\/fr\/cours\/guitare\/\" \/>\n<meta property=\"og:locale\" content=\"fr_FR\" \/>\n<meta property=\"og:type\" content=\"article\" \/>\n<meta property=\"og:title\" content=\"Guitare - West Island Conservatory of Music\" \/>\n<meta property=\"og:description\" content=\"[vc_row][vc_column][mk_ornamental_title font_family=\u00a0\u00bbnone\u00a0\u00bb font_size=\u00a0\u00bb45&Prime; font_weight=\u00a0\u00bbbold\u00a0\u00bb font_style=\u00a0\u00bbnormal\u00a0\u00bb ornament_style=\u00a0\u00bbrovi-double\u00a0\u00bb ornament_thickness=\u00a0\u00bb3&Prime; animation=\u00a0\u00bbscale-up\u00a0\u00bb] Cours de guitare [\/mk_ornamental_title][vc_single_image image=\u00a0\u00bb7608&Prime; img_size=\u00a0\u00bbfull\u00a0\u00bb alignment=\u00a0\u00bbcenter\u00a0\u00bb][vc_row_inner][vc_column_inner width=\u00a0\u00bb2\/3&Prime;][vc_column_text]Nos professeurs exp\u00e9riment\u00e9s Fournir des cours sur les deux instruments \u00e9lectriques et acoustiques des d\u00e9butants gr\u00e2ce \u00e0 des techniques de pointe. Cours de guitare sont un choix tr\u00e8s populaire pour les \u00e9tudiants de tous \u00e2ges. La guitare est un instrument [&hellip;]\" \/>\n<meta property=\"og:url\" content=\"https:\/\/westislandmusiclessons.com\/fr\/cours\/guitare\/\" \/>\n<meta property=\"og:site_name\" content=\"West Island Conservatory of Music\" \/>\n<meta property=\"article:publisher\" content=\"https:\/\/www.facebook.com\/West-Island-Conservatory-of-Music-367225573415368\/\" \/>\n<meta property=\"article:modified_time\" content=\"2017-02-20T17:14:55+00:00\" \/>\n<meta name=\"twitter:card\" content=\"summary_large_image\" \/>\n<meta name=\"twitter:label1\" content=\"Dur\u00e9e de lecture estim\u00e9e\" \/>\n\t<meta name=\"twitter:data1\" content=\"2 minutes\" \/>\n<script type=\"application\/ld+json\" class=\"yoast-schema-graph\">{\"@context\":\"https:\/\/schema.org\",\"@graph\":[{\"@type\":\"WebPage\",\"@id\":\"https:\/\/westislandmusiclessons.com\/fr\/cours\/guitare\/\",\"url\":\"https:\/\/westislandmusiclessons.com\/fr\/cours\/guitare\/\",\"name\":\"Guitare - West Island Conservatory of Music\",\"isPartOf\":{\"@id\":\"https:\/\/westislandmusiclessons.com\/fr\/#website\"},\"datePublished\":\"2016-09-30T15:18:34+00:00\",\"dateModified\":\"2017-02-20T17:14:55+00:00\",\"breadcrumb\":{\"@id\":\"https:\/\/westislandmusiclessons.com\/fr\/cours\/guitare\/#breadcrumb\"},\"inLanguage\":\"fr-FR\",\"potentialAction\":[{\"@type\":\"ReadAction\",\"target\":[\"https:\/\/westislandmusiclessons.com\/fr\/cours\/guitare\/\"]}]},{\"@type\":\"BreadcrumbList\",\"@id\":\"https:\/\/westislandmusiclessons.com\/fr\/cours\/guitare\/#breadcrumb\",\"itemListElement\":[{\"@type\":\"ListItem\",\"position\":1,\"name\":\"Home\",\"item\":\"https:\/\/westislandmusiclessons.com\/fr\/\"},{\"@type\":\"ListItem\",\"position\":2,\"name\":\"Cours\",\"item\":\"https:\/\/westislandmusiclessons.com\/fr\/cours\/\"},{\"@type\":\"ListItem\",\"position\":3,\"name\":\"Guitare\"}]},{\"@type\":\"WebSite\",\"@id\":\"https:\/\/westislandmusiclessons.com\/fr\/#website\",\"url\":\"https:\/\/westislandmusiclessons.com\/fr\/\",\"name\":\"West Island Conservatory of Music\",\"description\":\"Making music magical\",\"publisher\":{\"@id\":\"https:\/\/westislandmusiclessons.com\/fr\/#organization\"},\"potentialAction\":[{\"@type\":\"SearchAction\",\"target\":{\"@type\":\"EntryPoint\",\"urlTemplate\":\"https:\/\/westislandmusiclessons.com\/fr\/?s={search_term_string}\"},\"query-input\":{\"@type\":\"PropertyValueSpecification\",\"valueRequired\":true,\"valueName\":\"search_term_string\"}}],\"inLanguage\":\"fr-FR\"},{\"@type\":\"Organization\",\"@id\":\"https:\/\/westislandmusiclessons.com\/fr\/#organization\",\"name\":\"West Island Conservatory of Music\",\"url\":\"https:\/\/westislandmusiclessons.com\/fr\/\",\"logo\":{\"@type\":\"ImageObject\",\"inLanguage\":\"fr-FR\",\"@id\":\"https:\/\/westislandmusiclessons.com\/fr\/#\/schema\/logo\/image\/\",\"url\":\"https:\/\/westislandmusiclessons.com\/wp-content\/uploads\/2017\/02\/logo-flip-red.png\",\"contentUrl\":\"https:\/\/westislandmusiclessons.com\/wp-content\/uploads\/2017\/02\/logo-flip-red.png\",\"width\":237,\"height\":107,\"caption\":\"West Island Conservatory of Music\"},\"image\":{\"@id\":\"https:\/\/westislandmusiclessons.com\/fr\/#\/schema\/logo\/image\/\"},\"sameAs\":[\"https:\/\/www.facebook.com\/West-Island-Conservatory-of-Music-367225573415368\/\"]}]}<\/script>\n<!-- \/ Yoast SEO plugin. -->","yoast_head_json":{"title":"Guitare - West Island Conservatory of Music","robots":{"index":"index","follow":"follow","max-snippet":"max-snippet:-1","max-image-preview":"max-image-preview:large","max-video-preview":"max-video-preview:-1"},"canonical":"https:\/\/westislandmusiclessons.com\/fr\/cours\/guitare\/","og_locale":"fr_FR","og_type":"article","og_title":"Guitare - West Island Conservatory of Music","og_description":"[vc_row][vc_column][mk_ornamental_title font_family=\u00a0\u00bbnone\u00a0\u00bb font_size=\u00a0\u00bb45&Prime; font_weight=\u00a0\u00bbbold\u00a0\u00bb font_style=\u00a0\u00bbnormal\u00a0\u00bb ornament_style=\u00a0\u00bbrovi-double\u00a0\u00bb ornament_thickness=\u00a0\u00bb3&Prime; animation=\u00a0\u00bbscale-up\u00a0\u00bb] Cours de guitare [\/mk_ornamental_title][vc_single_image image=\u00a0\u00bb7608&Prime; img_size=\u00a0\u00bbfull\u00a0\u00bb alignment=\u00a0\u00bbcenter\u00a0\u00bb][vc_row_inner][vc_column_inner width=\u00a0\u00bb2\/3&Prime;][vc_column_text]Nos professeurs exp\u00e9riment\u00e9s Fournir des cours sur les deux instruments \u00e9lectriques et acoustiques des d\u00e9butants gr\u00e2ce \u00e0 des techniques de pointe. Cours de guitare sont un choix tr\u00e8s populaire pour les \u00e9tudiants de tous \u00e2ges. La guitare est un instrument [&hellip;]","og_url":"https:\/\/westislandmusiclessons.com\/fr\/cours\/guitare\/","og_site_name":"West Island Conservatory of Music","article_publisher":"https:\/\/www.facebook.com\/West-Island-Conservatory-of-Music-367225573415368\/","article_modified_time":"2017-02-20T17:14:55+00:00","twitter_card":"summary_large_image","twitter_misc":{"Dur\u00e9e de lecture estim\u00e9e":"2 minutes"},"schema":{"@context":"https:\/\/schema.org","@graph":[{"@type":"WebPage","@id":"https:\/\/westislandmusiclessons.com\/fr\/cours\/guitare\/","url":"https:\/\/westislandmusiclessons.com\/fr\/cours\/guitare\/","name":"Guitare - West Island Conservatory of Music","isPartOf":{"@id":"https:\/\/westislandmusiclessons.com\/fr\/#website"},"datePublished":"2016-09-30T15:18:34+00:00","dateModified":"2017-02-20T17:14:55+00:00","breadcrumb":{"@id":"https:\/\/westislandmusiclessons.com\/fr\/cours\/guitare\/#breadcrumb"},"inLanguage":"fr-FR","potentialAction":[{"@type":"ReadAction","target":["https:\/\/westislandmusiclessons.com\/fr\/cours\/guitare\/"]}]},{"@type":"BreadcrumbList","@id":"https:\/\/westislandmusiclessons.com\/fr\/cours\/guitare\/#breadcrumb","itemListElement":[{"@type":"ListItem","position":1,"name":"Home","item":"https:\/\/westislandmusiclessons.com\/fr\/"},{"@type":"ListItem","position":2,"name":"Cours","item":"https:\/\/westislandmusiclessons.com\/fr\/cours\/"},{"@type":"ListItem","position":3,"name":"Guitare"}]},{"@type":"WebSite","@id":"https:\/\/westislandmusiclessons.com\/fr\/#website","url":"https:\/\/westislandmusiclessons.com\/fr\/","name":"West Island Conservatory of Music","description":"Making music magical","publisher":{"@id":"https:\/\/westislandmusiclessons.com\/fr\/#organization"},"potentialAction":[{"@type":"SearchAction","target":{"@type":"EntryPoint","urlTemplate":"https:\/\/westislandmusiclessons.com\/fr\/?s={search_term_string}"},"query-input":{"@type":"PropertyValueSpecification","valueRequired":true,"valueName":"search_term_string"}}],"inLanguage":"fr-FR"},{"@type":"Organization","@id":"https:\/\/westislandmusiclessons.com\/fr\/#organization","name":"West Island Conservatory of Music","url":"https:\/\/westislandmusiclessons.com\/fr\/","logo":{"@type":"ImageObject","inLanguage":"fr-FR","@id":"https:\/\/westislandmusiclessons.com\/fr\/#\/schema\/logo\/image\/","url":"https:\/\/westislandmusiclessons.com\/wp-content\/uploads\/2017\/02\/logo-flip-red.png","contentUrl":"https:\/\/westislandmusiclessons.com\/wp-content\/uploads\/2017\/02\/logo-flip-red.png","width":237,"height":107,"caption":"West Island Conservatory of Music"},"image":{"@id":"https:\/\/westislandmusiclessons.com\/fr\/#\/schema\/logo\/image\/"},"sameAs":["https:\/\/www.facebook.com\/West-Island-Conservatory-of-Music-367225573415368\/"]}]}},"_links":{"self":[{"href":"https:\/\/westislandmusiclessons.com\/fr\/wp-json\/wp\/v2\/pages\/7350","targetHints":{"allow":["GET"]}}],"collection":[{"href":"https:\/\/westislandmusiclessons.com\/fr\/wp-json\/wp\/v2\/pages"}],"about":[{"href":"https:\/\/westislandmusiclessons.com\/fr\/wp-json\/wp\/v2\/types\/page"}],"author":[{"embeddable":true,"href":"https:\/\/westislandmusiclessons.com\/fr\/wp-json\/wp\/v2\/users\/2"}],"replies":[{"embeddable":true,"href":"https:\/\/westislandmusiclessons.com\/fr\/wp-json\/wp\/v2\/comments?post=7350"}],"version-history":[{"count":1,"href":"https:\/\/westislandmusiclessons.com\/fr\/wp-json\/wp\/v2\/pages\/7350\/revisions"}],"predecessor-version":[{"id":7890,"href":"https:\/\/westislandmusiclessons.com\/fr\/wp-json\/wp\/v2\/pages\/7350\/revisions\/7890"}],"up":[{"embeddable":true,"href":"https:\/\/westislandmusiclessons.com\/fr\/wp-json\/wp\/v2\/pages\/7266"}],"wp:attachment":[{"href":"https:\/\/westislandmusiclessons.com\/fr\/wp-json\/wp\/v2\/media?parent=7350"}],"curies":[{"name":"wp","href":"https:\/\/api.w.org\/{rel}","templated":true}]}}