{"id":7336,"date":"2016-09-30T11:20:37","date_gmt":"2016-09-30T15:20:37","guid":{"rendered":"http:\/\/ms.cashin.ca\/wicm1\/fr\/cours\/voice\/"},"modified":"2017-02-20T12:35:24","modified_gmt":"2017-02-20T17:35:24","slug":"cours-de-chant","status":"publish","type":"page","link":"https:\/\/westislandmusiclessons.com\/fr\/cours\/cours-de-chant\/","title":{"rendered":"cours de chant"},"content":{"rendered":"<div class=\"wpb-content-wrapper\">[vc_row][vc_column][mk_ornamental_title font_family=\u00a0\u00bbnone\u00a0\u00bb font_size=\u00a0\u00bb45&Prime; font_weight=\u00a0\u00bbbold\u00a0\u00bb font_style=\u00a0\u00bbnormal\u00a0\u00bb ornament_style=\u00a0\u00bbrovi-double\u00a0\u00bb ornament_thickness=\u00a0\u00bb3&Prime; animation=\u00a0\u00bbscale-up\u00a0\u00bb]\n<p style=\"text-align: center;\">Cours de Chant<\/p>\n[\/mk_ornamental_title][vc_column_text]Voix de coaching de d\u00e9butant \u00e0 avanc\u00e9. Tous les \u00e2ges sont accept\u00e9s[\/vc_column_text][vc_single_image image=\u00a0\u00bb7610&Prime; img_size=\u00a0\u00bbfull\u00a0\u00bb alignment=\u00a0\u00bbcenter\u00a0\u00bb][mk_padding_divider size=\u00a0\u00bb5&Prime;][vc_row_inner][vc_column_inner width=\u00a0\u00bb3\/4&Prime;][vc_column_text]<strong>Voix personnalis\u00e9e frais de scolarit\u00e9 et de coaching vocal En mettant l&rsquo;accent sur la performance<\/strong><\/p>\n<p><img loading=\"lazy\" decoding=\"async\" class=\"alignleft size-full wp-image-7905\" src=\"http:\/\/westislandmusiclessons.ca\/wp-content\/uploads\/2016\/09\/voice-lesson.jpg\" alt=\"\" width=\"252\" height=\"111\" srcset=\"https:\/\/westislandmusiclessons.com\/wp-content\/uploads\/2016\/09\/voice-lesson.jpg 252w, https:\/\/westislandmusiclessons.com\/wp-content\/uploads\/2016\/09\/voice-lesson-600x264.jpg 600w\" sizes=\"auto, (max-width: 252px) 100vw, 252px\" \/>En chant nous enseignons tous les genres de musique.<br \/>\nQue vous aimiez le poulaire, le rock ou le classique, nous tiendrons compte de vos pr\u00e9f\u00e9rences.<br \/>\nThrough voice lessons we increase your ranges without damaging your vocal chords. That\u2019s why voice lessons are very important not only to improve your voice but to prevent you from damaging your vocals. Even your regular speaking voice improves through voice lessons (your vocal chords are in tune, your speech sounds clearer, better).<\/p>\n<p>Il n\u2019y a pas de limite d\u2019\u00e2ge et les enfants peuvent commencer \u00e0 partir de 5 ans.<\/p>\n<p>Durant les cours au Conservatoire, vous allez aussi apprendre le maniement d\u2019un microphone et les dynamiques de la sc\u00e8ne, qui jouent un r\u00f4le important durant la performance. There is also a professional stage built in our voice studio to simulate a live performance<\/p>\n<p>Vous aurez acc\u00e8s \u00e0 un \u201cstage\u201d dans le studio de chant, pour simuler une r\u00e9elle performance. Les cours de chant sont revigorants. Vous pouvez apprendre les chansons que vous aimez. Rien de mieux pour vous faire plaisir!<\/p>\n<p>Que vous d\u00e9siriez am\u00e9liorer votre chant sous la douche, votre carri\u00e8re solo, votre chant en \u201cband\u201d ou que vous vouliez chanter devant 100 000 personnes, inscrivez-vous au cours de chant du Conservatoire et nous vous aiderons \u00e0 r\u00e9alliser vos r\u00eaves![\/vc_column_text][\/vc_column_inner][vc_column_inner width=\u00a0\u00bb1\/4&Prime;][vc_single_image image=\u00a0\u00bb7877&Prime; img_size=\u00a0\u00bbfull\u00a0\u00bb alignment=\u00a0\u00bbright\u00a0\u00bb el_class=\u00a0\u00bbwicm-product-col\u00a0\u00bb][\/vc_column_inner][\/vc_row_inner][vc_column_text]Personalized voice tuition\u00a0and vocal coaching with emphasis on performance[\/vc_column_text][\/vc_column][vc_column][\/vc_column][vc_column][vc_column_text]Voice Coaching at at all levels and ages[\/vc_column_text][\/vc_column][\/vc_row][vc_row][vc_column][\/vc_column][\/vc_row]\n<\/div>","protected":false},"excerpt":{"rendered":"<p>[vc_row][vc_column][mk_ornamental_title font_family=\u00a0\u00bbnone\u00a0\u00bb font_size=\u00a0\u00bb45&Prime; font_weight=\u00a0\u00bbbold\u00a0\u00bb font_style=\u00a0\u00bbnormal\u00a0\u00bb ornament_style=\u00a0\u00bbrovi-double\u00a0\u00bb ornament_thickness=\u00a0\u00bb3&Prime; animation=\u00a0\u00bbscale-up\u00a0\u00bb] Cours de Chant [\/mk_ornamental_title][vc_column_text]Voix de coaching de d\u00e9butant \u00e0 avanc\u00e9. Tous les \u00e2ges sont accept\u00e9s[\/vc_column_text][vc_single_image image=\u00a0\u00bb7610&Prime; img_size=\u00a0\u00bbfull\u00a0\u00bb alignment=\u00a0\u00bbcenter\u00a0\u00bb][mk_padding_divider size=\u00a0\u00bb5&Prime;][vc_row_inner][vc_column_inner width=\u00a0\u00bb3\/4&Prime;][vc_column_text]Voix personnalis\u00e9e frais de scolarit\u00e9 et de coaching vocal En mettant l&rsquo;accent sur la performance En chant nous enseignons tous les genres de musique. Que vous aimiez le [&hellip;]<\/p>\n","protected":false},"author":2,"featured_media":0,"parent":7266,"menu_order":0,"comment_status":"closed","ping_status":"closed","template":"","meta":{"footnotes":""},"class_list":["post-7336","page","type-page","status-publish","hentry"],"yoast_head":"<!-- This site is optimized with the Yoast SEO plugin v27.3 - https:\/\/yoast.com\/product\/yoast-seo-wordpress\/ -->\n<title>cours de chant - West Island Conservatory of Music<\/title>\n<meta name=\"robots\" content=\"index, follow, max-snippet:-1, max-image-preview:large, max-video-preview:-1\" \/>\n<link rel=\"canonical\" href=\"https:\/\/westislandmusiclessons.com\/fr\/cours\/cours-de-chant\/\" \/>\n<meta property=\"og:locale\" content=\"fr_FR\" \/>\n<meta property=\"og:type\" content=\"article\" \/>\n<meta property=\"og:title\" content=\"cours de chant - West Island Conservatory of Music\" \/>\n<meta property=\"og:description\" content=\"[vc_row][vc_column][mk_ornamental_title font_family=\u00a0\u00bbnone\u00a0\u00bb font_size=\u00a0\u00bb45&Prime; font_weight=\u00a0\u00bbbold\u00a0\u00bb font_style=\u00a0\u00bbnormal\u00a0\u00bb ornament_style=\u00a0\u00bbrovi-double\u00a0\u00bb ornament_thickness=\u00a0\u00bb3&Prime; animation=\u00a0\u00bbscale-up\u00a0\u00bb] Cours de Chant [\/mk_ornamental_title][vc_column_text]Voix de coaching de d\u00e9butant \u00e0 avanc\u00e9. Tous les \u00e2ges sont accept\u00e9s[\/vc_column_text][vc_single_image image=\u00a0\u00bb7610&Prime; img_size=\u00a0\u00bbfull\u00a0\u00bb alignment=\u00a0\u00bbcenter\u00a0\u00bb][mk_padding_divider size=\u00a0\u00bb5&Prime;][vc_row_inner][vc_column_inner width=\u00a0\u00bb3\/4&Prime;][vc_column_text]Voix personnalis\u00e9e frais de scolarit\u00e9 et de coaching vocal En mettant l&rsquo;accent sur la performance En chant nous enseignons tous les genres de musique. Que vous aimiez le [&hellip;]\" \/>\n<meta property=\"og:url\" content=\"https:\/\/westislandmusiclessons.com\/fr\/cours\/cours-de-chant\/\" \/>\n<meta property=\"og:site_name\" content=\"West Island Conservatory of Music\" \/>\n<meta property=\"article:publisher\" content=\"https:\/\/www.facebook.com\/West-Island-Conservatory-of-Music-367225573415368\/\" \/>\n<meta property=\"article:modified_time\" content=\"2017-02-20T17:35:24+00:00\" \/>\n<meta property=\"og:image\" content=\"http:\/\/westislandmusiclessons.ca\/wp-content\/uploads\/2016\/09\/voice-lesson.jpg\" \/>\n<meta name=\"twitter:card\" content=\"summary_large_image\" \/>\n<meta name=\"twitter:label1\" content=\"Dur\u00e9e de lecture estim\u00e9e\" \/>\n\t<meta name=\"twitter:data1\" content=\"2 minutes\" \/>\n<script type=\"application\/ld+json\" class=\"yoast-schema-graph\">{\"@context\":\"https:\\\/\\\/schema.org\",\"@graph\":[{\"@type\":\"WebPage\",\"@id\":\"https:\\\/\\\/westislandmusiclessons.com\\\/fr\\\/cours\\\/cours-de-chant\\\/\",\"url\":\"https:\\\/\\\/westislandmusiclessons.com\\\/fr\\\/cours\\\/cours-de-chant\\\/\",\"name\":\"cours de chant - West Island Conservatory of Music\",\"isPartOf\":{\"@id\":\"https:\\\/\\\/westislandmusiclessons.com\\\/fr\\\/#website\"},\"primaryImageOfPage\":{\"@id\":\"https:\\\/\\\/westislandmusiclessons.com\\\/fr\\\/cours\\\/cours-de-chant\\\/#primaryimage\"},\"image\":{\"@id\":\"https:\\\/\\\/westislandmusiclessons.com\\\/fr\\\/cours\\\/cours-de-chant\\\/#primaryimage\"},\"thumbnailUrl\":\"http:\\\/\\\/westislandmusiclessons.ca\\\/wp-content\\\/uploads\\\/2016\\\/09\\\/voice-lesson.jpg\",\"datePublished\":\"2016-09-30T15:20:37+00:00\",\"dateModified\":\"2017-02-20T17:35:24+00:00\",\"breadcrumb\":{\"@id\":\"https:\\\/\\\/westislandmusiclessons.com\\\/fr\\\/cours\\\/cours-de-chant\\\/#breadcrumb\"},\"inLanguage\":\"fr-FR\",\"potentialAction\":[{\"@type\":\"ReadAction\",\"target\":[\"https:\\\/\\\/westislandmusiclessons.com\\\/fr\\\/cours\\\/cours-de-chant\\\/\"]}]},{\"@type\":\"ImageObject\",\"inLanguage\":\"fr-FR\",\"@id\":\"https:\\\/\\\/westislandmusiclessons.com\\\/fr\\\/cours\\\/cours-de-chant\\\/#primaryimage\",\"url\":\"http:\\\/\\\/westislandmusiclessons.ca\\\/wp-content\\\/uploads\\\/2016\\\/09\\\/voice-lesson.jpg\",\"contentUrl\":\"http:\\\/\\\/westislandmusiclessons.ca\\\/wp-content\\\/uploads\\\/2016\\\/09\\\/voice-lesson.jpg\"},{\"@type\":\"BreadcrumbList\",\"@id\":\"https:\\\/\\\/westislandmusiclessons.com\\\/fr\\\/cours\\\/cours-de-chant\\\/#breadcrumb\",\"itemListElement\":[{\"@type\":\"ListItem\",\"position\":1,\"name\":\"Home\",\"item\":\"https:\\\/\\\/westislandmusiclessons.com\\\/fr\\\/\"},{\"@type\":\"ListItem\",\"position\":2,\"name\":\"Cours\",\"item\":\"https:\\\/\\\/westislandmusiclessons.com\\\/fr\\\/cours\\\/\"},{\"@type\":\"ListItem\",\"position\":3,\"name\":\"cours de chant\"}]},{\"@type\":\"WebSite\",\"@id\":\"https:\\\/\\\/westislandmusiclessons.com\\\/fr\\\/#website\",\"url\":\"https:\\\/\\\/westislandmusiclessons.com\\\/fr\\\/\",\"name\":\"West Island Conservatory of Music\",\"description\":\"Making music magical\",\"publisher\":{\"@id\":\"https:\\\/\\\/westislandmusiclessons.com\\\/fr\\\/#organization\"},\"potentialAction\":[{\"@type\":\"SearchAction\",\"target\":{\"@type\":\"EntryPoint\",\"urlTemplate\":\"https:\\\/\\\/westislandmusiclessons.com\\\/fr\\\/?s={search_term_string}\"},\"query-input\":{\"@type\":\"PropertyValueSpecification\",\"valueRequired\":true,\"valueName\":\"search_term_string\"}}],\"inLanguage\":\"fr-FR\"},{\"@type\":\"Organization\",\"@id\":\"https:\\\/\\\/westislandmusiclessons.com\\\/fr\\\/#organization\",\"name\":\"West Island Conservatory of Music\",\"url\":\"https:\\\/\\\/westislandmusiclessons.com\\\/fr\\\/\",\"logo\":{\"@type\":\"ImageObject\",\"inLanguage\":\"fr-FR\",\"@id\":\"https:\\\/\\\/westislandmusiclessons.com\\\/fr\\\/#\\\/schema\\\/logo\\\/image\\\/\",\"url\":\"https:\\\/\\\/westislandmusiclessons.com\\\/wp-content\\\/uploads\\\/2017\\\/02\\\/logo-flip-red.png\",\"contentUrl\":\"https:\\\/\\\/westislandmusiclessons.com\\\/wp-content\\\/uploads\\\/2017\\\/02\\\/logo-flip-red.png\",\"width\":237,\"height\":107,\"caption\":\"West Island Conservatory of Music\"},\"image\":{\"@id\":\"https:\\\/\\\/westislandmusiclessons.com\\\/fr\\\/#\\\/schema\\\/logo\\\/image\\\/\"},\"sameAs\":[\"https:\\\/\\\/www.facebook.com\\\/West-Island-Conservatory-of-Music-367225573415368\\\/\"]}]}<\/script>\n<!-- \/ Yoast SEO plugin. -->","yoast_head_json":{"title":"cours de chant - West Island Conservatory of Music","robots":{"index":"index","follow":"follow","max-snippet":"max-snippet:-1","max-image-preview":"max-image-preview:large","max-video-preview":"max-video-preview:-1"},"canonical":"https:\/\/westislandmusiclessons.com\/fr\/cours\/cours-de-chant\/","og_locale":"fr_FR","og_type":"article","og_title":"cours de chant - West Island Conservatory of Music","og_description":"[vc_row][vc_column][mk_ornamental_title font_family=\u00a0\u00bbnone\u00a0\u00bb font_size=\u00a0\u00bb45&Prime; font_weight=\u00a0\u00bbbold\u00a0\u00bb font_style=\u00a0\u00bbnormal\u00a0\u00bb ornament_style=\u00a0\u00bbrovi-double\u00a0\u00bb ornament_thickness=\u00a0\u00bb3&Prime; animation=\u00a0\u00bbscale-up\u00a0\u00bb] Cours de Chant [\/mk_ornamental_title][vc_column_text]Voix de coaching de d\u00e9butant \u00e0 avanc\u00e9. Tous les \u00e2ges sont accept\u00e9s[\/vc_column_text][vc_single_image image=\u00a0\u00bb7610&Prime; img_size=\u00a0\u00bbfull\u00a0\u00bb alignment=\u00a0\u00bbcenter\u00a0\u00bb][mk_padding_divider size=\u00a0\u00bb5&Prime;][vc_row_inner][vc_column_inner width=\u00a0\u00bb3\/4&Prime;][vc_column_text]Voix personnalis\u00e9e frais de scolarit\u00e9 et de coaching vocal En mettant l&rsquo;accent sur la performance En chant nous enseignons tous les genres de musique. Que vous aimiez le [&hellip;]","og_url":"https:\/\/westislandmusiclessons.com\/fr\/cours\/cours-de-chant\/","og_site_name":"West Island Conservatory of Music","article_publisher":"https:\/\/www.facebook.com\/West-Island-Conservatory-of-Music-367225573415368\/","article_modified_time":"2017-02-20T17:35:24+00:00","og_image":[{"url":"http:\/\/westislandmusiclessons.ca\/wp-content\/uploads\/2016\/09\/voice-lesson.jpg","type":"","width":"","height":""}],"twitter_card":"summary_large_image","twitter_misc":{"Dur\u00e9e de lecture estim\u00e9e":"2 minutes"},"schema":{"@context":"https:\/\/schema.org","@graph":[{"@type":"WebPage","@id":"https:\/\/westislandmusiclessons.com\/fr\/cours\/cours-de-chant\/","url":"https:\/\/westislandmusiclessons.com\/fr\/cours\/cours-de-chant\/","name":"cours de chant - West Island Conservatory of Music","isPartOf":{"@id":"https:\/\/westislandmusiclessons.com\/fr\/#website"},"primaryImageOfPage":{"@id":"https:\/\/westislandmusiclessons.com\/fr\/cours\/cours-de-chant\/#primaryimage"},"image":{"@id":"https:\/\/westislandmusiclessons.com\/fr\/cours\/cours-de-chant\/#primaryimage"},"thumbnailUrl":"http:\/\/westislandmusiclessons.ca\/wp-content\/uploads\/2016\/09\/voice-lesson.jpg","datePublished":"2016-09-30T15:20:37+00:00","dateModified":"2017-02-20T17:35:24+00:00","breadcrumb":{"@id":"https:\/\/westislandmusiclessons.com\/fr\/cours\/cours-de-chant\/#breadcrumb"},"inLanguage":"fr-FR","potentialAction":[{"@type":"ReadAction","target":["https:\/\/westislandmusiclessons.com\/fr\/cours\/cours-de-chant\/"]}]},{"@type":"ImageObject","inLanguage":"fr-FR","@id":"https:\/\/westislandmusiclessons.com\/fr\/cours\/cours-de-chant\/#primaryimage","url":"http:\/\/westislandmusiclessons.ca\/wp-content\/uploads\/2016\/09\/voice-lesson.jpg","contentUrl":"http:\/\/westislandmusiclessons.ca\/wp-content\/uploads\/2016\/09\/voice-lesson.jpg"},{"@type":"BreadcrumbList","@id":"https:\/\/westislandmusiclessons.com\/fr\/cours\/cours-de-chant\/#breadcrumb","itemListElement":[{"@type":"ListItem","position":1,"name":"Home","item":"https:\/\/westislandmusiclessons.com\/fr\/"},{"@type":"ListItem","position":2,"name":"Cours","item":"https:\/\/westislandmusiclessons.com\/fr\/cours\/"},{"@type":"ListItem","position":3,"name":"cours de chant"}]},{"@type":"WebSite","@id":"https:\/\/westislandmusiclessons.com\/fr\/#website","url":"https:\/\/westislandmusiclessons.com\/fr\/","name":"West Island Conservatory of Music","description":"Making music magical","publisher":{"@id":"https:\/\/westislandmusiclessons.com\/fr\/#organization"},"potentialAction":[{"@type":"SearchAction","target":{"@type":"EntryPoint","urlTemplate":"https:\/\/westislandmusiclessons.com\/fr\/?s={search_term_string}"},"query-input":{"@type":"PropertyValueSpecification","valueRequired":true,"valueName":"search_term_string"}}],"inLanguage":"fr-FR"},{"@type":"Organization","@id":"https:\/\/westislandmusiclessons.com\/fr\/#organization","name":"West Island Conservatory of Music","url":"https:\/\/westislandmusiclessons.com\/fr\/","logo":{"@type":"ImageObject","inLanguage":"fr-FR","@id":"https:\/\/westislandmusiclessons.com\/fr\/#\/schema\/logo\/image\/","url":"https:\/\/westislandmusiclessons.com\/wp-content\/uploads\/2017\/02\/logo-flip-red.png","contentUrl":"https:\/\/westislandmusiclessons.com\/wp-content\/uploads\/2017\/02\/logo-flip-red.png","width":237,"height":107,"caption":"West Island Conservatory of Music"},"image":{"@id":"https:\/\/westislandmusiclessons.com\/fr\/#\/schema\/logo\/image\/"},"sameAs":["https:\/\/www.facebook.com\/West-Island-Conservatory-of-Music-367225573415368\/"]}]}},"_links":{"self":[{"href":"https:\/\/westislandmusiclessons.com\/fr\/wp-json\/wp\/v2\/pages\/7336","targetHints":{"allow":["GET"]}}],"collection":[{"href":"https:\/\/westislandmusiclessons.com\/fr\/wp-json\/wp\/v2\/pages"}],"about":[{"href":"https:\/\/westislandmusiclessons.com\/fr\/wp-json\/wp\/v2\/types\/page"}],"author":[{"embeddable":true,"href":"https:\/\/westislandmusiclessons.com\/fr\/wp-json\/wp\/v2\/users\/2"}],"replies":[{"embeddable":true,"href":"https:\/\/westislandmusiclessons.com\/fr\/wp-json\/wp\/v2\/comments?post=7336"}],"version-history":[{"count":2,"href":"https:\/\/westislandmusiclessons.com\/fr\/wp-json\/wp\/v2\/pages\/7336\/revisions"}],"predecessor-version":[{"id":7907,"href":"https:\/\/westislandmusiclessons.com\/fr\/wp-json\/wp\/v2\/pages\/7336\/revisions\/7907"}],"up":[{"embeddable":true,"href":"https:\/\/westislandmusiclessons.com\/fr\/wp-json\/wp\/v2\/pages\/7266"}],"wp:attachment":[{"href":"https:\/\/westislandmusiclessons.com\/fr\/wp-json\/wp\/v2\/media?parent=7336"}],"curies":[{"name":"wp","href":"https:\/\/api.w.org\/{rel}","templated":true}]}}