{"id":7326,"date":"2016-11-30T12:44:38","date_gmt":"2016-11-30T17:44:38","guid":{"rendered":"http:\/\/ms.cashin.ca\/wicm1\/fr\/piano-lesson-benefits\/"},"modified":"2017-02-20T12:39:06","modified_gmt":"2017-02-20T17:39:06","slug":"avantages-de-lecon-de-piano","status":"publish","type":"page","link":"https:\/\/westislandmusiclessons.com\/fr\/avantages-de-lecon-de-piano\/","title":{"rendered":"Avantages de le\u00e7on de piano"},"content":{"rendered":"<div class=\"wpb-content-wrapper\">[vc_row][vc_column][mk_ornamental_title font_family=\u00a0\u00bbnone\u00a0\u00bb font_size=\u00a0\u00bb45&Prime; font_weight=\u00a0\u00bbbold\u00a0\u00bb ornament_style=\u00a0\u00bbrovi-double\u00a0\u00bb ornament_thickness=\u00a0\u00bb3&Prime; margin_bottom=\u00a0\u00bb10&Prime; animation=\u00a0\u00bbscale-up\u00a0\u00bb]\n<p style=\"text-align: center;\">Avantages de le\u00e7on de piano<\/p>\n[\/mk_ornamental_title][vc_column_text][\/vc_column_text][vc_row_inner][vc_column_inner width=\u00a0\u00bb2\/3&Prime;][vc_column_text]<strong><img loading=\"lazy\" decoding=\"async\" class=\"alignleft size-medium wp-image-7893\" src=\"http:\/\/westislandmusiclessons.ca\/wp-content\/uploads\/2017\/02\/benefits-300x180.jpg\" alt=\"\" width=\"300\" height=\"180\" srcset=\"https:\/\/westislandmusiclessons.com\/wp-content\/uploads\/2017\/02\/benefits-300x180.jpg 300w, https:\/\/westislandmusiclessons.com\/wp-content\/uploads\/2017\/02\/benefits-600x360.jpg 600w, https:\/\/westislandmusiclessons.com\/wp-content\/uploads\/2017\/02\/benefits.jpg 500w\" sizes=\"auto, (max-width: 300px) 100vw, 300px\" \/>Les cours de piano aident les enfants \u00e0 l\u2019\u00e9cole<\/strong><br \/>\nLe plus important b\u00e9nefice que retirent les enfants d\u2019un cours de piano est celui de l\u2019aide que crela leur apporte dans leur apprentissage \u00e0 l\u2019\u00e9cole. Plusieurs \u00e9tudes d\u00e9montrent que les enfants jouant d\u2019un instrument ont de meilleurs r\u00e9sultats aux tests g\u00e9neraux, mais aussi sur le plan du d\u00e9veloppement cognitif. Des recherches d\u00e9montrent aussi, que les enfants qui apprennent le piano en particulier, ont de meilleurs r\u00e9sultats en math\u00e9matiques, surtout dans la resolution de probl\u00e8mes et des fractions.<br \/>\nDans une \u00e9tude particuli\u00e8re du Dr Frances Rauscher (psychologue \u00e0 l\u2019Universit\u00e9 de Wisconsin) et du Dr Gordon Shaw (un physicien \u00e0 l\u2019Universit\u00e9 de Californie), les enfants d\u2019\u00e2ge prescolaire ayant suivi des cours de piano ont obtenu des r\u00e9sultats sup\u00e9rieurs de 34% par rapport aux enfants qui n\u2019en ont pas suivi. Ces tests ont mesur\u00e9 leur raisonnement spatial-temporel, qui se fait dans la partie du cerveau utilis\u00e9e pour comprendre les math\u00e9matiques, les sciences et l\u2019ing\u00e9nierie.<\/p>\n<p><strong>Les cours de piano augmentent l\u2019estime de soi<\/strong><br \/>\nApprendre le piano est un travail de d\u00e9vouement. Chaque chanson apprise augmente l\u2019estime de soi d\u2019un enfant et la jouer devant ses proches l\u2019augmente encore advantage, au m\u00eame niveau que de gagner aux sports de comp\u00e9tition.<br \/>\nLes cours de musique enseignent aux enfants \u00e0 avoir un regard positif devant une t\u00e2che difficile. Comprendre que l\u2019apprentissage d\u2019une nouvelle habilet\u00e9 demande de la patience, apprend aux enfants \u00e0 avoir confiance en soi et ne pas se d\u00e9courager, ni se frustrer.<\/p>\n<p><strong>Les cours de piano am\u00e9liorent la coordination<\/strong><br \/>\nLa ccordination yeux-mains est presque donn\u00e9e aux enfants qui \u00e9tudient le piano, mais il y a plus que \u00e7a. Les enfants qui jouent du piano, am\u00e9liorent leurs habilet\u00e9s motrices, car comparativement aux autres instruments, le piano recquiert que les deux mains travaillent ensemble ind\u00e9pendamment une de l\u2019autre, une rapidement et l\u2019autre plus lentement. Tout cela aide \u00e0 augmenter la dexterit\u00e9 de l\u2019enfant et am\u00e9liorer le processus complexe de la pens\u00e9e.<\/p>\n<p><strong>Les cours de piano am\u00e9liorent la concentration chez les enfants,<\/strong><br \/>\nLire une partition de musique recquiert \u00e9norm\u00e9ment de concentration, l\u2019enfant doit int\u00e9rpreter des notes et le rythme, transf\u00e9rer \u00e7a en mouvements de ses mains au clavier et imm\u00e9diatement passer aux notes suivantes. Lire et jouer la musique permet aux enfants de penser cr\u00e9ativement et critiquement, une habilet\u00e9 qui les suivera dans tout ce qu\u2019il feront plus tard, tout au long de leurs vies.<\/p>\n<p><strong>Piano Lessons aider les enfants \u00e0 \u00eatre bien \u00e9quilibr\u00e9<\/strong><br \/>\nInd\u00e9pendament de si l\u2019enfant joue du piano durant une courte p\u00e9riode de temps ou durant toute sa vie, les effets \u00e0 long-terme sont nombreux, \u00c0 travers le jeu au piano, les enfants sont expos\u00e9s \u00e0 la musique classique qu\u2019ils auraient pu autrement ne pas conna\u00eetre. Ils peuvent d\u00e9velopper une appr\u00e9ciation de Bach ou Mozart qui restera avec eux pour toujours. De plus, les habilet\u00e9s et connaissances qu\u2019ils auront appris les aideront \u00e0 apprendre n\u2019importe quel autre instrument avec plus de facilit\u00e9.<\/p>\n<p>\u201c\u201cPendant que j\u2019\u00e9coute ma petite, marteler douleureusement les blanches et les noires, tout ce dont je dois me souvenir alors qu\u2019elle pratique, c\u2019est qu\u2019elle va cr\u00e9\u00e9r ainsi, bien plus que quelques simples m\u00e9lodies et cela, c\u2019est de la pure musique \u00e0 mes oreilles.\u201d\u201d<\/p>\n<p>&nbsp;<\/p>\n<p>R\u00e9f\u00e9rences<br \/>\nFoundation for Universal Music Literacy Research Materials. <a href=\"http:\/\/www.allegrorainbow.com\/media\/pdfs\/ChildrenandMusicResearch.pdf\" target=\"_blank\">How Music Can Dramatically Effect Your Child\u2019s Development and Life-Time Success<\/a>. 18 Oct. 2005.<br \/>\nPianonet.com. <a href=\"http:\/\/pianonet.com\/resources\/publications\/benefits-of-playing-the-piano\/\" target=\"_blank\">Benefits of Playing the Piano<\/a>. [2005] 18 Oct. 2005.<br \/>\nPianonet.com. Discover Pianonet: Learn to Play. [2005] 18 Oct. 2005.<br \/>\nBegley, Sharon. Pianoiseasy.com. <a href=\"http:\/\/www.pianoiseasy.com\/showpage.cfm?page=articles\" target=\"_blank\">Music on the Mind<\/a>. [2000] 18 Oct. 2005.<br \/>\nWest Music. The Piano and Child Development. 18 Oct. 2005.<br \/>\nEssortment.com. Benefits of piano lessons for a beginner. [2002] 18 Oct. 2005.<br \/>\nVanLandingham, Cynthia. EzineArticles.com <a href=\"http:\/\/ezinearticles.com\/?How-Piano-Lessons-Benefit-Young-Children&amp;id=38953\" target=\"_blank\">How Piano Lessons Benefit Young Children<\/a>. [2005] 18 Oct. 2005.[\/vc_column_text][\/vc_column_inner][vc_column_inner width=\u00a0\u00bb1\/3&Prime;][vc_single_image image=\u00a0\u00bb7877&Prime; img_size=\u00a0\u00bbfull\u00a0\u00bb alignment=\u00a0\u00bbright\u00a0\u00bb][\/vc_column_inner][\/vc_row_inner][\/vc_column][\/vc_row]\n<\/div>","protected":false},"excerpt":{"rendered":"<p>[vc_row][vc_column][mk_ornamental_title font_family=\u00a0\u00bbnone\u00a0\u00bb font_size=\u00a0\u00bb45&Prime; font_weight=\u00a0\u00bbbold\u00a0\u00bb ornament_style=\u00a0\u00bbrovi-double\u00a0\u00bb ornament_thickness=\u00a0\u00bb3&Prime; margin_bottom=\u00a0\u00bb10&Prime; animation=\u00a0\u00bbscale-up\u00a0\u00bb] Avantages de le\u00e7on de piano [\/mk_ornamental_title][vc_column_text][\/vc_column_text][vc_row_inner][vc_column_inner width=\u00a0\u00bb2\/3&Prime;][vc_column_text]Les cours de piano aident les enfants \u00e0 l\u2019\u00e9cole Le plus important b\u00e9nefice que retirent les enfants d\u2019un cours de piano est celui de l\u2019aide que crela leur apporte dans leur apprentissage \u00e0 l\u2019\u00e9cole. Plusieurs \u00e9tudes d\u00e9montrent que les enfants jouant [&hellip;]<\/p>\n","protected":false},"author":1,"featured_media":0,"parent":0,"menu_order":0,"comment_status":"closed","ping_status":"closed","template":"","meta":{"footnotes":""},"class_list":["post-7326","page","type-page","status-publish","hentry"],"yoast_head":"<!-- This site is optimized with the Yoast SEO plugin v27.3 - https:\/\/yoast.com\/product\/yoast-seo-wordpress\/ -->\n<title>Avantages de le\u00e7on de piano - West Island Conservatory of Music<\/title>\n<meta name=\"robots\" content=\"index, follow, max-snippet:-1, max-image-preview:large, max-video-preview:-1\" \/>\n<link rel=\"canonical\" href=\"https:\/\/westislandmusiclessons.com\/fr\/avantages-de-lecon-de-piano\/\" \/>\n<meta property=\"og:locale\" content=\"fr_FR\" \/>\n<meta property=\"og:type\" content=\"article\" \/>\n<meta property=\"og:title\" content=\"Avantages de le\u00e7on de piano - West Island Conservatory of Music\" \/>\n<meta property=\"og:description\" content=\"[vc_row][vc_column][mk_ornamental_title font_family=\u00a0\u00bbnone\u00a0\u00bb font_size=\u00a0\u00bb45&Prime; font_weight=\u00a0\u00bbbold\u00a0\u00bb ornament_style=\u00a0\u00bbrovi-double\u00a0\u00bb ornament_thickness=\u00a0\u00bb3&Prime; margin_bottom=\u00a0\u00bb10&Prime; animation=\u00a0\u00bbscale-up\u00a0\u00bb] Avantages de le\u00e7on de piano [\/mk_ornamental_title][vc_column_text][\/vc_column_text][vc_row_inner][vc_column_inner width=\u00a0\u00bb2\/3&Prime;][vc_column_text]Les cours de piano aident les enfants \u00e0 l\u2019\u00e9cole Le plus important b\u00e9nefice que retirent les enfants d\u2019un cours de piano est celui de l\u2019aide que crela leur apporte dans leur apprentissage \u00e0 l\u2019\u00e9cole. Plusieurs \u00e9tudes d\u00e9montrent que les enfants jouant [&hellip;]\" \/>\n<meta property=\"og:url\" content=\"https:\/\/westislandmusiclessons.com\/fr\/avantages-de-lecon-de-piano\/\" \/>\n<meta property=\"og:site_name\" content=\"West Island Conservatory of Music\" \/>\n<meta property=\"article:publisher\" content=\"https:\/\/www.facebook.com\/West-Island-Conservatory-of-Music-367225573415368\/\" \/>\n<meta property=\"article:modified_time\" content=\"2017-02-20T17:39:06+00:00\" \/>\n<meta property=\"og:image\" content=\"http:\/\/westislandmusiclessons.ca\/wp-content\/uploads\/2017\/02\/benefits-300x180.jpg\" \/>\n<meta name=\"twitter:card\" content=\"summary_large_image\" \/>\n<meta name=\"twitter:label1\" content=\"Dur\u00e9e de lecture estim\u00e9e\" \/>\n\t<meta name=\"twitter:data1\" content=\"4 minutes\" \/>\n<script type=\"application\/ld+json\" class=\"yoast-schema-graph\">{\"@context\":\"https:\\\/\\\/schema.org\",\"@graph\":[{\"@type\":\"WebPage\",\"@id\":\"https:\\\/\\\/westislandmusiclessons.com\\\/fr\\\/avantages-de-lecon-de-piano\\\/\",\"url\":\"https:\\\/\\\/westislandmusiclessons.com\\\/fr\\\/avantages-de-lecon-de-piano\\\/\",\"name\":\"Avantages de le\u00e7on de piano - West Island Conservatory of Music\",\"isPartOf\":{\"@id\":\"https:\\\/\\\/westislandmusiclessons.com\\\/fr\\\/#website\"},\"primaryImageOfPage\":{\"@id\":\"https:\\\/\\\/westislandmusiclessons.com\\\/fr\\\/avantages-de-lecon-de-piano\\\/#primaryimage\"},\"image\":{\"@id\":\"https:\\\/\\\/westislandmusiclessons.com\\\/fr\\\/avantages-de-lecon-de-piano\\\/#primaryimage\"},\"thumbnailUrl\":\"http:\\\/\\\/westislandmusiclessons.ca\\\/wp-content\\\/uploads\\\/2017\\\/02\\\/benefits-300x180.jpg\",\"datePublished\":\"2016-11-30T17:44:38+00:00\",\"dateModified\":\"2017-02-20T17:39:06+00:00\",\"breadcrumb\":{\"@id\":\"https:\\\/\\\/westislandmusiclessons.com\\\/fr\\\/avantages-de-lecon-de-piano\\\/#breadcrumb\"},\"inLanguage\":\"fr-FR\",\"potentialAction\":[{\"@type\":\"ReadAction\",\"target\":[\"https:\\\/\\\/westislandmusiclessons.com\\\/fr\\\/avantages-de-lecon-de-piano\\\/\"]}]},{\"@type\":\"ImageObject\",\"inLanguage\":\"fr-FR\",\"@id\":\"https:\\\/\\\/westislandmusiclessons.com\\\/fr\\\/avantages-de-lecon-de-piano\\\/#primaryimage\",\"url\":\"http:\\\/\\\/westislandmusiclessons.ca\\\/wp-content\\\/uploads\\\/2017\\\/02\\\/benefits-300x180.jpg\",\"contentUrl\":\"http:\\\/\\\/westislandmusiclessons.ca\\\/wp-content\\\/uploads\\\/2017\\\/02\\\/benefits-300x180.jpg\"},{\"@type\":\"BreadcrumbList\",\"@id\":\"https:\\\/\\\/westislandmusiclessons.com\\\/fr\\\/avantages-de-lecon-de-piano\\\/#breadcrumb\",\"itemListElement\":[{\"@type\":\"ListItem\",\"position\":1,\"name\":\"Home\",\"item\":\"https:\\\/\\\/westislandmusiclessons.com\\\/fr\\\/\"},{\"@type\":\"ListItem\",\"position\":2,\"name\":\"Avantages de le\u00e7on de piano\"}]},{\"@type\":\"WebSite\",\"@id\":\"https:\\\/\\\/westislandmusiclessons.com\\\/fr\\\/#website\",\"url\":\"https:\\\/\\\/westislandmusiclessons.com\\\/fr\\\/\",\"name\":\"West Island Conservatory of Music\",\"description\":\"Making music magical\",\"publisher\":{\"@id\":\"https:\\\/\\\/westislandmusiclessons.com\\\/fr\\\/#organization\"},\"potentialAction\":[{\"@type\":\"SearchAction\",\"target\":{\"@type\":\"EntryPoint\",\"urlTemplate\":\"https:\\\/\\\/westislandmusiclessons.com\\\/fr\\\/?s={search_term_string}\"},\"query-input\":{\"@type\":\"PropertyValueSpecification\",\"valueRequired\":true,\"valueName\":\"search_term_string\"}}],\"inLanguage\":\"fr-FR\"},{\"@type\":\"Organization\",\"@id\":\"https:\\\/\\\/westislandmusiclessons.com\\\/fr\\\/#organization\",\"name\":\"West Island Conservatory of Music\",\"url\":\"https:\\\/\\\/westislandmusiclessons.com\\\/fr\\\/\",\"logo\":{\"@type\":\"ImageObject\",\"inLanguage\":\"fr-FR\",\"@id\":\"https:\\\/\\\/westislandmusiclessons.com\\\/fr\\\/#\\\/schema\\\/logo\\\/image\\\/\",\"url\":\"https:\\\/\\\/westislandmusiclessons.com\\\/wp-content\\\/uploads\\\/2017\\\/02\\\/logo-flip-red.png\",\"contentUrl\":\"https:\\\/\\\/westislandmusiclessons.com\\\/wp-content\\\/uploads\\\/2017\\\/02\\\/logo-flip-red.png\",\"width\":237,\"height\":107,\"caption\":\"West Island Conservatory of Music\"},\"image\":{\"@id\":\"https:\\\/\\\/westislandmusiclessons.com\\\/fr\\\/#\\\/schema\\\/logo\\\/image\\\/\"},\"sameAs\":[\"https:\\\/\\\/www.facebook.com\\\/West-Island-Conservatory-of-Music-367225573415368\\\/\"]}]}<\/script>\n<!-- \/ Yoast SEO plugin. -->","yoast_head_json":{"title":"Avantages de le\u00e7on de piano - West Island Conservatory of Music","robots":{"index":"index","follow":"follow","max-snippet":"max-snippet:-1","max-image-preview":"max-image-preview:large","max-video-preview":"max-video-preview:-1"},"canonical":"https:\/\/westislandmusiclessons.com\/fr\/avantages-de-lecon-de-piano\/","og_locale":"fr_FR","og_type":"article","og_title":"Avantages de le\u00e7on de piano - West Island Conservatory of Music","og_description":"[vc_row][vc_column][mk_ornamental_title font_family=\u00a0\u00bbnone\u00a0\u00bb font_size=\u00a0\u00bb45&Prime; font_weight=\u00a0\u00bbbold\u00a0\u00bb ornament_style=\u00a0\u00bbrovi-double\u00a0\u00bb ornament_thickness=\u00a0\u00bb3&Prime; margin_bottom=\u00a0\u00bb10&Prime; animation=\u00a0\u00bbscale-up\u00a0\u00bb] Avantages de le\u00e7on de piano [\/mk_ornamental_title][vc_column_text][\/vc_column_text][vc_row_inner][vc_column_inner width=\u00a0\u00bb2\/3&Prime;][vc_column_text]Les cours de piano aident les enfants \u00e0 l\u2019\u00e9cole Le plus important b\u00e9nefice que retirent les enfants d\u2019un cours de piano est celui de l\u2019aide que crela leur apporte dans leur apprentissage \u00e0 l\u2019\u00e9cole. Plusieurs \u00e9tudes d\u00e9montrent que les enfants jouant [&hellip;]","og_url":"https:\/\/westislandmusiclessons.com\/fr\/avantages-de-lecon-de-piano\/","og_site_name":"West Island Conservatory of Music","article_publisher":"https:\/\/www.facebook.com\/West-Island-Conservatory-of-Music-367225573415368\/","article_modified_time":"2017-02-20T17:39:06+00:00","og_image":[{"url":"http:\/\/westislandmusiclessons.ca\/wp-content\/uploads\/2017\/02\/benefits-300x180.jpg","type":"","width":"","height":""}],"twitter_card":"summary_large_image","twitter_misc":{"Dur\u00e9e de lecture estim\u00e9e":"4 minutes"},"schema":{"@context":"https:\/\/schema.org","@graph":[{"@type":"WebPage","@id":"https:\/\/westislandmusiclessons.com\/fr\/avantages-de-lecon-de-piano\/","url":"https:\/\/westislandmusiclessons.com\/fr\/avantages-de-lecon-de-piano\/","name":"Avantages de le\u00e7on de piano - West Island Conservatory of Music","isPartOf":{"@id":"https:\/\/westislandmusiclessons.com\/fr\/#website"},"primaryImageOfPage":{"@id":"https:\/\/westislandmusiclessons.com\/fr\/avantages-de-lecon-de-piano\/#primaryimage"},"image":{"@id":"https:\/\/westislandmusiclessons.com\/fr\/avantages-de-lecon-de-piano\/#primaryimage"},"thumbnailUrl":"http:\/\/westislandmusiclessons.ca\/wp-content\/uploads\/2017\/02\/benefits-300x180.jpg","datePublished":"2016-11-30T17:44:38+00:00","dateModified":"2017-02-20T17:39:06+00:00","breadcrumb":{"@id":"https:\/\/westislandmusiclessons.com\/fr\/avantages-de-lecon-de-piano\/#breadcrumb"},"inLanguage":"fr-FR","potentialAction":[{"@type":"ReadAction","target":["https:\/\/westislandmusiclessons.com\/fr\/avantages-de-lecon-de-piano\/"]}]},{"@type":"ImageObject","inLanguage":"fr-FR","@id":"https:\/\/westislandmusiclessons.com\/fr\/avantages-de-lecon-de-piano\/#primaryimage","url":"http:\/\/westislandmusiclessons.ca\/wp-content\/uploads\/2017\/02\/benefits-300x180.jpg","contentUrl":"http:\/\/westislandmusiclessons.ca\/wp-content\/uploads\/2017\/02\/benefits-300x180.jpg"},{"@type":"BreadcrumbList","@id":"https:\/\/westislandmusiclessons.com\/fr\/avantages-de-lecon-de-piano\/#breadcrumb","itemListElement":[{"@type":"ListItem","position":1,"name":"Home","item":"https:\/\/westislandmusiclessons.com\/fr\/"},{"@type":"ListItem","position":2,"name":"Avantages de le\u00e7on de piano"}]},{"@type":"WebSite","@id":"https:\/\/westislandmusiclessons.com\/fr\/#website","url":"https:\/\/westislandmusiclessons.com\/fr\/","name":"West Island Conservatory of Music","description":"Making music magical","publisher":{"@id":"https:\/\/westislandmusiclessons.com\/fr\/#organization"},"potentialAction":[{"@type":"SearchAction","target":{"@type":"EntryPoint","urlTemplate":"https:\/\/westislandmusiclessons.com\/fr\/?s={search_term_string}"},"query-input":{"@type":"PropertyValueSpecification","valueRequired":true,"valueName":"search_term_string"}}],"inLanguage":"fr-FR"},{"@type":"Organization","@id":"https:\/\/westislandmusiclessons.com\/fr\/#organization","name":"West Island Conservatory of Music","url":"https:\/\/westislandmusiclessons.com\/fr\/","logo":{"@type":"ImageObject","inLanguage":"fr-FR","@id":"https:\/\/westislandmusiclessons.com\/fr\/#\/schema\/logo\/image\/","url":"https:\/\/westislandmusiclessons.com\/wp-content\/uploads\/2017\/02\/logo-flip-red.png","contentUrl":"https:\/\/westislandmusiclessons.com\/wp-content\/uploads\/2017\/02\/logo-flip-red.png","width":237,"height":107,"caption":"West Island Conservatory of Music"},"image":{"@id":"https:\/\/westislandmusiclessons.com\/fr\/#\/schema\/logo\/image\/"},"sameAs":["https:\/\/www.facebook.com\/West-Island-Conservatory-of-Music-367225573415368\/"]}]}},"_links":{"self":[{"href":"https:\/\/westislandmusiclessons.com\/fr\/wp-json\/wp\/v2\/pages\/7326","targetHints":{"allow":["GET"]}}],"collection":[{"href":"https:\/\/westislandmusiclessons.com\/fr\/wp-json\/wp\/v2\/pages"}],"about":[{"href":"https:\/\/westislandmusiclessons.com\/fr\/wp-json\/wp\/v2\/types\/page"}],"author":[{"embeddable":true,"href":"https:\/\/westislandmusiclessons.com\/fr\/wp-json\/wp\/v2\/users\/1"}],"replies":[{"embeddable":true,"href":"https:\/\/westislandmusiclessons.com\/fr\/wp-json\/wp\/v2\/comments?post=7326"}],"version-history":[{"count":1,"href":"https:\/\/westislandmusiclessons.com\/fr\/wp-json\/wp\/v2\/pages\/7326\/revisions"}],"predecessor-version":[{"id":7910,"href":"https:\/\/westislandmusiclessons.com\/fr\/wp-json\/wp\/v2\/pages\/7326\/revisions\/7910"}],"wp:attachment":[{"href":"https:\/\/westislandmusiclessons.com\/fr\/wp-json\/wp\/v2\/media?parent=7326"}],"curies":[{"name":"wp","href":"https:\/\/api.w.org\/{rel}","templated":true}]}}