{"id":7046,"date":"2016-11-24T09:57:06","date_gmt":"2016-11-24T14:57:06","guid":{"rendered":"http:\/\/ms.cashin.ca\/wicm1\/fr\/autre\/cello\/"},"modified":"2017-02-20T11:27:25","modified_gmt":"2017-02-20T16:27:25","slug":"violoncelle","status":"publish","type":"page","link":"https:\/\/westislandmusiclessons.com\/fr\/cours\/violoncelle\/","title":{"rendered":"Violoncelle"},"content":{"rendered":"<div class=\"wpb-content-wrapper\">[mk_page_section][vc_column][mk_ornamental_title font_family=\u00a0\u00bbnone\u00a0\u00bb font_size=\u00a0\u00bb45&Prime; font_weight=\u00a0\u00bbbold\u00a0\u00bb font_style=\u00a0\u00bbnormal\u00a0\u00bb ornament_style=\u00a0\u00bbrovi-double\u00a0\u00bb ornament_thickness=\u00a0\u00bb3&Prime; margin_bottom=\u00a0\u00bb10&Prime; animation=\u00a0\u00bbscale-up\u00a0\u00bb]\n<p style=\"text-align: center;\">Le\u00e7ons de violoncelle<\/p>\n[\/mk_ornamental_title][vc_single_image image=\u00a0\u00bb7871&Prime; img_size=\u00a0\u00bbfull\u00a0\u00bb alignment=\u00a0\u00bbcenter\u00a0\u00bb][vc_row_inner][vc_column_inner width=\u00a0\u00bb2\/3&Prime;][vc_column_text]<strong>L&rsquo;instruction violoncelle du d\u00e9butant \u00e0 avanc\u00e9. Tous les \u00e2ges sont accept\u00e9s<\/strong><\/p>\n<p>L&rsquo;instrument qui est dit de plus imiter la voix humaine est le violoncelle ou violoncello qui est son nom propre. Populaire dans la musique classique europ\u00e9enne, le violoncelle est un instrument \u00e0 cordes inclin\u00e9 qui a quatre cordes accord\u00e9es en cinqui\u00e8me parfait. En d&rsquo;autres termes, tout comme la voix humaine, elle peut s&rsquo;harmoniser bien avec d&rsquo;autres instruments. En raison de son son unique et la polyvalence, il peut \u00e9galement \u00eatre utilis\u00e9 comme un instrument de musique solo et c&rsquo;est la raison principale de sa popularit\u00e9. Il est le deuxi\u00e8me plus grand instrument \u00e0 la basse pr\u00e8s de la basse, mais a un son plus doux et m\u00e9lodique semblable au violon. Une basse a un son plus rugueux. Une personne qui joue du violoncelle est connue comme un violoncelliste et est souvent appel\u00e9e \u00e0 \u00eatre membre d&rsquo;une section \u00e0 cordes dans les orchestres symphoniques.<\/p>\n<p>Le violon appartient \u00e0 la famille de cordes des instruments. C&rsquo;est un favori dans les orchestres, les pistes sonores pour les films (en particulier les sc\u00e8nes dramatiques \u00e9motionnelles), et les \u00e9v\u00e9nements nobles et les rassemblements. Quand le Violon est jou\u00e9 bien il envoie des frissons d&rsquo;harmonie musicale \u00e0 tous.<\/p>\n<p><strong>Apprendre \u00e0 jouer du violoncelle<\/strong><br \/>\nApprendre \u00e0 jouer du violoncelle, comme tant d&rsquo;autres instruments, prend du temps, de la pratique et de la patience. Vous apprendrez \u00e0 produire des notes, des accords et des \u00e9chelles en utilisant l&rsquo;arc, d\u00e9velopper des techniques plus efficaces et apprendre le placement correct de vos doigts sur le violoncelle. Les \u00e9chelles sont une s\u00e9rie de notes et d&rsquo;accords qui forment un ensemble particulier ou une s\u00e9quence de sons musicaux. Ils sont souvent utilis\u00e9s comme un moyen de reproduire des sons similaires sans avoir \u00e0 faire chaque note pour la note. L&rsquo;enseignement consistera \u00e0 apprendre \u00e0 lire la musique, \u00e0 former des notes et des accords appropri\u00e9s, ainsi qu&rsquo;\u00e0 d\u00e9velopper un sens et une sensation pour l&rsquo;instrument. Comment dur ou mou vous glissez l&rsquo;arc \u00e0 travers les cordes d\u00e9terminera les sons que vous reproduisez. Apprendre des techniques sur la fa\u00e7on d&rsquo;utiliser l&rsquo;arc plus d\u00e9licatement ou plus farouchement (selon la situation) est juste une des choses que vous pourriez vous attendre \u00e0 apprendre dans vos le\u00e7ons de violoncelle.<\/p>\n<p><strong>CELLO DANS LA MUSIQUE CLASSIQUE<\/strong><br \/>\nLe violoncelle est surtout utilis\u00e9 dans les styles classiques de la musique et rarement dans le rock ou la musique populaire, cependant, vous devez vous rappeler les fondamentaux que vous apprenez dans n&rsquo;importe quel cours de musique peut \u00eatre appliqu\u00e9e \u00e0 tous les instruments. Peu importe le style que vous apprenez, vous pouvez toujours choisir de l&rsquo;appliquer de votre propre fa\u00e7on cr\u00e9ative et peut-\u00eatre d\u00e9velopper votre propre style. En fait, nous vous encourageons \u00e0 pratiquer avec nous et \u00e0 ma\u00eetriser votre instrument comme vous le souhaitez. Apr\u00e8s tout, si tout le monde jouait de la m\u00eame mani\u00e8re, il n&rsquo;y aurait pas de tels gens comme Mozart, Beethoven ou Prince d&rsquo;ailleurs. Oui, Prince. Saviez-vous que Prince est l&rsquo;un des musiciens pop les plus polyvalents de notre temps? Ma\u00eetre de musique, il peut jouer \u00e0 peu pr\u00e8s n&rsquo;importe quel instrument et chante avec un ton parfait. Imaginez s&rsquo;il peut faire cela, imaginez ce que vous pouvez faire. Tout ce qu&rsquo;il faut, c&rsquo;est une passion pour la musique et une le\u00e7on pour vous sur votre chemin. Commencez par les le\u00e7ons de violoncelle et allez de l\u00e0, vous ne savez jamais o\u00f9 il va vous emmener et la v\u00e9rit\u00e9 est, si vous pouvez ma\u00eetriser le violoncelle, vous pouvez facilement ma\u00eetriser tout autre instrument. Commencez \u00e0 apprendre le violoncelle, contactez-nous d\u00e8s aujourd&rsquo;hui.[\/vc_column_text][\/vc_column_inner][vc_column_inner width=\u00a0\u00bb1\/3&Prime;][vc_single_image image=\u00a0\u00bb7877&Prime; img_size=\u00a0\u00bbfull\u00a0\u00bb alignment=\u00a0\u00bbcenter\u00a0\u00bb][\/vc_column_inner][\/vc_row_inner][\/vc_column][\/mk_page_section][vc_row][vc_column][\/vc_column][\/vc_row]\n<\/div>","protected":false},"excerpt":{"rendered":"<p>[mk_page_section][vc_column][mk_ornamental_title font_family=\u00a0\u00bbnone\u00a0\u00bb font_size=\u00a0\u00bb45&Prime; font_weight=\u00a0\u00bbbold\u00a0\u00bb font_style=\u00a0\u00bbnormal\u00a0\u00bb ornament_style=\u00a0\u00bbrovi-double\u00a0\u00bb ornament_thickness=\u00a0\u00bb3&Prime; margin_bottom=\u00a0\u00bb10&Prime; animation=\u00a0\u00bbscale-up\u00a0\u00bb] Le\u00e7ons de violoncelle [\/mk_ornamental_title][vc_single_image image=\u00a0\u00bb7871&Prime; img_size=\u00a0\u00bbfull\u00a0\u00bb alignment=\u00a0\u00bbcenter\u00a0\u00bb][vc_row_inner][vc_column_inner width=\u00a0\u00bb2\/3&Prime;][vc_column_text]L&rsquo;instruction violoncelle du d\u00e9butant \u00e0 avanc\u00e9. Tous les \u00e2ges sont accept\u00e9s L&rsquo;instrument qui est dit de plus imiter la voix humaine est le violoncelle ou violoncello qui est son nom propre. Populaire dans la musique classique europ\u00e9enne, le violoncelle [&hellip;]<\/p>\n","protected":false},"author":1,"featured_media":0,"parent":7266,"menu_order":0,"comment_status":"closed","ping_status":"closed","template":"","meta":{"footnotes":""},"class_list":["post-7046","page","type-page","status-publish","hentry"],"yoast_head":"<!-- This site is optimized with the Yoast SEO plugin v27.3 - https:\/\/yoast.com\/product\/yoast-seo-wordpress\/ -->\n<title>Violoncelle - West Island Conservatory of Music<\/title>\n<meta name=\"robots\" content=\"index, follow, max-snippet:-1, max-image-preview:large, max-video-preview:-1\" \/>\n<link rel=\"canonical\" href=\"https:\/\/westislandmusiclessons.com\/fr\/cours\/violoncelle\/\" \/>\n<meta property=\"og:locale\" content=\"fr_FR\" \/>\n<meta property=\"og:type\" content=\"article\" \/>\n<meta property=\"og:title\" content=\"Violoncelle - West Island Conservatory of Music\" \/>\n<meta property=\"og:description\" content=\"[mk_page_section][vc_column][mk_ornamental_title font_family=\u00a0\u00bbnone\u00a0\u00bb font_size=\u00a0\u00bb45&Prime; font_weight=\u00a0\u00bbbold\u00a0\u00bb font_style=\u00a0\u00bbnormal\u00a0\u00bb ornament_style=\u00a0\u00bbrovi-double\u00a0\u00bb ornament_thickness=\u00a0\u00bb3&Prime; margin_bottom=\u00a0\u00bb10&Prime; animation=\u00a0\u00bbscale-up\u00a0\u00bb] Le\u00e7ons de violoncelle [\/mk_ornamental_title][vc_single_image image=\u00a0\u00bb7871&Prime; img_size=\u00a0\u00bbfull\u00a0\u00bb alignment=\u00a0\u00bbcenter\u00a0\u00bb][vc_row_inner][vc_column_inner width=\u00a0\u00bb2\/3&Prime;][vc_column_text]L&rsquo;instruction violoncelle du d\u00e9butant \u00e0 avanc\u00e9. Tous les \u00e2ges sont accept\u00e9s L&rsquo;instrument qui est dit de plus imiter la voix humaine est le violoncelle ou violoncello qui est son nom propre. Populaire dans la musique classique europ\u00e9enne, le violoncelle [&hellip;]\" \/>\n<meta property=\"og:url\" content=\"https:\/\/westislandmusiclessons.com\/fr\/cours\/violoncelle\/\" \/>\n<meta property=\"og:site_name\" content=\"West Island Conservatory of Music\" \/>\n<meta property=\"article:publisher\" content=\"https:\/\/www.facebook.com\/West-Island-Conservatory-of-Music-367225573415368\/\" \/>\n<meta property=\"article:modified_time\" content=\"2017-02-20T16:27:25+00:00\" \/>\n<meta name=\"twitter:card\" content=\"summary_large_image\" \/>\n<meta name=\"twitter:label1\" content=\"Dur\u00e9e de lecture estim\u00e9e\" \/>\n\t<meta name=\"twitter:data1\" content=\"4 minutes\" \/>\n<script type=\"application\/ld+json\" class=\"yoast-schema-graph\">{\"@context\":\"https:\\\/\\\/schema.org\",\"@graph\":[{\"@type\":\"WebPage\",\"@id\":\"https:\\\/\\\/westislandmusiclessons.com\\\/fr\\\/cours\\\/violoncelle\\\/\",\"url\":\"https:\\\/\\\/westislandmusiclessons.com\\\/fr\\\/cours\\\/violoncelle\\\/\",\"name\":\"Violoncelle - West Island Conservatory of Music\",\"isPartOf\":{\"@id\":\"https:\\\/\\\/westislandmusiclessons.com\\\/fr\\\/#website\"},\"datePublished\":\"2016-11-24T14:57:06+00:00\",\"dateModified\":\"2017-02-20T16:27:25+00:00\",\"breadcrumb\":{\"@id\":\"https:\\\/\\\/westislandmusiclessons.com\\\/fr\\\/cours\\\/violoncelle\\\/#breadcrumb\"},\"inLanguage\":\"fr-FR\",\"potentialAction\":[{\"@type\":\"ReadAction\",\"target\":[\"https:\\\/\\\/westislandmusiclessons.com\\\/fr\\\/cours\\\/violoncelle\\\/\"]}]},{\"@type\":\"BreadcrumbList\",\"@id\":\"https:\\\/\\\/westislandmusiclessons.com\\\/fr\\\/cours\\\/violoncelle\\\/#breadcrumb\",\"itemListElement\":[{\"@type\":\"ListItem\",\"position\":1,\"name\":\"Home\",\"item\":\"https:\\\/\\\/westislandmusiclessons.com\\\/fr\\\/\"},{\"@type\":\"ListItem\",\"position\":2,\"name\":\"Cours\",\"item\":\"https:\\\/\\\/westislandmusiclessons.com\\\/fr\\\/cours\\\/\"},{\"@type\":\"ListItem\",\"position\":3,\"name\":\"Violoncelle\"}]},{\"@type\":\"WebSite\",\"@id\":\"https:\\\/\\\/westislandmusiclessons.com\\\/fr\\\/#website\",\"url\":\"https:\\\/\\\/westislandmusiclessons.com\\\/fr\\\/\",\"name\":\"West Island Conservatory of Music\",\"description\":\"Making music magical\",\"publisher\":{\"@id\":\"https:\\\/\\\/westislandmusiclessons.com\\\/fr\\\/#organization\"},\"potentialAction\":[{\"@type\":\"SearchAction\",\"target\":{\"@type\":\"EntryPoint\",\"urlTemplate\":\"https:\\\/\\\/westislandmusiclessons.com\\\/fr\\\/?s={search_term_string}\"},\"query-input\":{\"@type\":\"PropertyValueSpecification\",\"valueRequired\":true,\"valueName\":\"search_term_string\"}}],\"inLanguage\":\"fr-FR\"},{\"@type\":\"Organization\",\"@id\":\"https:\\\/\\\/westislandmusiclessons.com\\\/fr\\\/#organization\",\"name\":\"West Island Conservatory of Music\",\"url\":\"https:\\\/\\\/westislandmusiclessons.com\\\/fr\\\/\",\"logo\":{\"@type\":\"ImageObject\",\"inLanguage\":\"fr-FR\",\"@id\":\"https:\\\/\\\/westislandmusiclessons.com\\\/fr\\\/#\\\/schema\\\/logo\\\/image\\\/\",\"url\":\"https:\\\/\\\/westislandmusiclessons.com\\\/wp-content\\\/uploads\\\/2017\\\/02\\\/logo-flip-red.png\",\"contentUrl\":\"https:\\\/\\\/westislandmusiclessons.com\\\/wp-content\\\/uploads\\\/2017\\\/02\\\/logo-flip-red.png\",\"width\":237,\"height\":107,\"caption\":\"West Island Conservatory of Music\"},\"image\":{\"@id\":\"https:\\\/\\\/westislandmusiclessons.com\\\/fr\\\/#\\\/schema\\\/logo\\\/image\\\/\"},\"sameAs\":[\"https:\\\/\\\/www.facebook.com\\\/West-Island-Conservatory-of-Music-367225573415368\\\/\"]}]}<\/script>\n<!-- \/ Yoast SEO plugin. -->","yoast_head_json":{"title":"Violoncelle - West Island Conservatory of Music","robots":{"index":"index","follow":"follow","max-snippet":"max-snippet:-1","max-image-preview":"max-image-preview:large","max-video-preview":"max-video-preview:-1"},"canonical":"https:\/\/westislandmusiclessons.com\/fr\/cours\/violoncelle\/","og_locale":"fr_FR","og_type":"article","og_title":"Violoncelle - West Island Conservatory of Music","og_description":"[mk_page_section][vc_column][mk_ornamental_title font_family=\u00a0\u00bbnone\u00a0\u00bb font_size=\u00a0\u00bb45&Prime; font_weight=\u00a0\u00bbbold\u00a0\u00bb font_style=\u00a0\u00bbnormal\u00a0\u00bb ornament_style=\u00a0\u00bbrovi-double\u00a0\u00bb ornament_thickness=\u00a0\u00bb3&Prime; margin_bottom=\u00a0\u00bb10&Prime; animation=\u00a0\u00bbscale-up\u00a0\u00bb] Le\u00e7ons de violoncelle [\/mk_ornamental_title][vc_single_image image=\u00a0\u00bb7871&Prime; img_size=\u00a0\u00bbfull\u00a0\u00bb alignment=\u00a0\u00bbcenter\u00a0\u00bb][vc_row_inner][vc_column_inner width=\u00a0\u00bb2\/3&Prime;][vc_column_text]L&rsquo;instruction violoncelle du d\u00e9butant \u00e0 avanc\u00e9. Tous les \u00e2ges sont accept\u00e9s L&rsquo;instrument qui est dit de plus imiter la voix humaine est le violoncelle ou violoncello qui est son nom propre. Populaire dans la musique classique europ\u00e9enne, le violoncelle [&hellip;]","og_url":"https:\/\/westislandmusiclessons.com\/fr\/cours\/violoncelle\/","og_site_name":"West Island Conservatory of Music","article_publisher":"https:\/\/www.facebook.com\/West-Island-Conservatory-of-Music-367225573415368\/","article_modified_time":"2017-02-20T16:27:25+00:00","twitter_card":"summary_large_image","twitter_misc":{"Dur\u00e9e de lecture estim\u00e9e":"4 minutes"},"schema":{"@context":"https:\/\/schema.org","@graph":[{"@type":"WebPage","@id":"https:\/\/westislandmusiclessons.com\/fr\/cours\/violoncelle\/","url":"https:\/\/westislandmusiclessons.com\/fr\/cours\/violoncelle\/","name":"Violoncelle - West Island Conservatory of Music","isPartOf":{"@id":"https:\/\/westislandmusiclessons.com\/fr\/#website"},"datePublished":"2016-11-24T14:57:06+00:00","dateModified":"2017-02-20T16:27:25+00:00","breadcrumb":{"@id":"https:\/\/westislandmusiclessons.com\/fr\/cours\/violoncelle\/#breadcrumb"},"inLanguage":"fr-FR","potentialAction":[{"@type":"ReadAction","target":["https:\/\/westislandmusiclessons.com\/fr\/cours\/violoncelle\/"]}]},{"@type":"BreadcrumbList","@id":"https:\/\/westislandmusiclessons.com\/fr\/cours\/violoncelle\/#breadcrumb","itemListElement":[{"@type":"ListItem","position":1,"name":"Home","item":"https:\/\/westislandmusiclessons.com\/fr\/"},{"@type":"ListItem","position":2,"name":"Cours","item":"https:\/\/westislandmusiclessons.com\/fr\/cours\/"},{"@type":"ListItem","position":3,"name":"Violoncelle"}]},{"@type":"WebSite","@id":"https:\/\/westislandmusiclessons.com\/fr\/#website","url":"https:\/\/westislandmusiclessons.com\/fr\/","name":"West Island Conservatory of Music","description":"Making music magical","publisher":{"@id":"https:\/\/westislandmusiclessons.com\/fr\/#organization"},"potentialAction":[{"@type":"SearchAction","target":{"@type":"EntryPoint","urlTemplate":"https:\/\/westislandmusiclessons.com\/fr\/?s={search_term_string}"},"query-input":{"@type":"PropertyValueSpecification","valueRequired":true,"valueName":"search_term_string"}}],"inLanguage":"fr-FR"},{"@type":"Organization","@id":"https:\/\/westislandmusiclessons.com\/fr\/#organization","name":"West Island Conservatory of Music","url":"https:\/\/westislandmusiclessons.com\/fr\/","logo":{"@type":"ImageObject","inLanguage":"fr-FR","@id":"https:\/\/westislandmusiclessons.com\/fr\/#\/schema\/logo\/image\/","url":"https:\/\/westislandmusiclessons.com\/wp-content\/uploads\/2017\/02\/logo-flip-red.png","contentUrl":"https:\/\/westislandmusiclessons.com\/wp-content\/uploads\/2017\/02\/logo-flip-red.png","width":237,"height":107,"caption":"West Island Conservatory of Music"},"image":{"@id":"https:\/\/westislandmusiclessons.com\/fr\/#\/schema\/logo\/image\/"},"sameAs":["https:\/\/www.facebook.com\/West-Island-Conservatory-of-Music-367225573415368\/"]}]}},"_links":{"self":[{"href":"https:\/\/westislandmusiclessons.com\/fr\/wp-json\/wp\/v2\/pages\/7046","targetHints":{"allow":["GET"]}}],"collection":[{"href":"https:\/\/westislandmusiclessons.com\/fr\/wp-json\/wp\/v2\/pages"}],"about":[{"href":"https:\/\/westislandmusiclessons.com\/fr\/wp-json\/wp\/v2\/types\/page"}],"author":[{"embeddable":true,"href":"https:\/\/westislandmusiclessons.com\/fr\/wp-json\/wp\/v2\/users\/1"}],"replies":[{"embeddable":true,"href":"https:\/\/westislandmusiclessons.com\/fr\/wp-json\/wp\/v2\/comments?post=7046"}],"version-history":[{"count":2,"href":"https:\/\/westislandmusiclessons.com\/fr\/wp-json\/wp\/v2\/pages\/7046\/revisions"}],"predecessor-version":[{"id":7879,"href":"https:\/\/westislandmusiclessons.com\/fr\/wp-json\/wp\/v2\/pages\/7046\/revisions\/7879"}],"up":[{"embeddable":true,"href":"https:\/\/westislandmusiclessons.com\/fr\/wp-json\/wp\/v2\/pages\/7266"}],"wp:attachment":[{"href":"https:\/\/westislandmusiclessons.com\/fr\/wp-json\/wp\/v2\/media?parent=7046"}],"curies":[{"name":"wp","href":"https:\/\/api.w.org\/{rel}","templated":true}]}}