{"id":7025,"date":"2016-10-20T12:03:11","date_gmt":"2016-10-20T16:03:11","guid":{"rendered":"http:\/\/ms.cashin.ca\/wicm1\/fr\/about-us\/"},"modified":"2017-02-14T14:39:51","modified_gmt":"2017-02-14T19:39:51","slug":"qui-sommes-nous","status":"publish","type":"page","link":"https:\/\/westislandmusiclessons.com\/fr\/qui-sommes-nous\/","title":{"rendered":"Qui sommes-nous?"},"content":{"rendered":"<div class=\"wpb-content-wrapper\">[vc_row fullwidth=\u00a0\u00bbtrue\u00a0\u00bb attached=\u00a0\u00bbtrue\u00a0\u00bb padding=\u00a0\u00bb0&Prime;][vc_column][mk_page_title_box page_title=\u00a0\u00bbSUR NOTRE CONSERVATOIRE\u00a0\u00bb page_subtitle=\u00a0\u00bbFond\u00e9e il ya plus de 50 ans.\u00a0\u00bb section_height=\u00a0\u00bb500&Prime; bg_image=\u00a0\u00bbhttp:\/\/westislandmusiclessons.ca\/wp-content\/uploads\/2016\/10\/pierre-lauzon-with-gretsch.jpg\u00a0\u00bb bg_position=\u00a0\u00bbcenter center\u00a0\u00bb bg_stretch=\u00a0\u00bbtrue\u00a0\u00bb overlay=\u00a0\u00bbrgba(80,90,95,0.8)\u00a0\u00bb bg_effects=\u00a0\u00bbparallax\u00a0\u00bb title_letter_spacing=\u00a0\u00bb1&Prime; font_color=\u00a0\u00bb#dd9933&Prime; font_weight=\u00a0\u00bb900&Prime; underline=\u00a0\u00bbfalse\u00a0\u00bb padding=\u00a0\u00bb15&Prime; sub_font_size=\u00a0\u00bb20&Prime; sub_font_color=\u00a0\u00bb#ffffff\u00a0\u00bb][\/vc_column][\/vc_row][vc_row][vc_column css=\u00a0\u00bb.vc_custom_1411644205333{padding-top: 95px !important;padding-bottom: 120px !important;}\u00a0\u00bb][mk_fancy_title tag_name=\u00a0\u00bbh3&Prime; color=\u00a0\u00bb#444444&Prime; size=\u00a0\u00bb34&Prime; txt_transform=\u00a0\u00bbnone\u00a0\u00bb margin_bottom=\u00a0\u00bb60&Prime; font_family=\u00a0\u00bbnone\u00a0\u00bb align=\u00a0\u00bbcenter\u00a0\u00bb]Des professeurs hautement qualifi\u00e9s[\/mk_fancy_title][vc_row_inner padding=\u00a0\u00bb1&Prime;][vc_column_inner width=\u00a0\u00bb1\/2&Prime;][vc_column_text]Fond\u00e9 il y a plus de 50 ans, le Conservatoire de Musique \u00e0 Pointe-Claire a su maintenir sa r\u00e9putation d\u2019\u00e9cole \u00e9lite au Canada. En 1997, la nouvelle administration sous Mossor et Casny a \u00e9t\u00e9 cr\u00e9\u00e9e afin de restructurer l\u2019\u00e9cole et assurer son succ\u00e8s toujours pr\u00e9sent.[\/vc_column_text][\/vc_column_inner][vc_column_inner width=\u00a0\u00bb1\/2&Prime;][vc_column_text]Les professeurs du Conservatoire sont hautement qualifi\u00e9s et poss\u00e8dent d\u2019excellentes capaciti\u00e9s de communication, afin d\u2019offrir un enseignement \u00e0 son meilleur et garder les \u00e9l\u00e8ves motiv\u00e9s. Les couleurs y sont internationales, car les professeurs, poss\u00e9dant des dipl\u00f4mes en musique reconnus, viennent de diff\u00e9rents pays \u00e0 travers le monde. Cela permet d\u2019accomoder un grand nombre d\u2019\u00e9l\u00e8ves de tous \u00e2ges, de buts et d\u2019int\u00earets divers.[\/vc_column_text][\/vc_column_inner][\/vc_row_inner][\/vc_column][\/vc_row][vc_row fullwidth=\u00a0\u00bbtrue\u00a0\u00bb attached=\u00a0\u00bbtrue\u00a0\u00bb padding=\u00a0\u00bb0&Prime;][vc_column][mk_slideshow_box images=\u00a0\u00bb5681,5693&Prime; slideshow_speed=\u00a0\u00bb5000&Prime; overlay=\u00a0\u00bbrgba(80,90,95,0.4)\u00a0\u00bb section_height=\u00a0\u00bb710&Prime; padding_top=\u00a0\u00bb200&Prime; padding_bottom=\u00a0\u00bb200&Prime; img_position=\u00a0\u00bbcenter center\u00a0\u00bb][mk_fancy_title tag_name=\u00a0\u00bbh4&Prime; color=\u00a0\u00bb#ffffff\u00a0\u00bb size=\u00a0\u00bb46&Prime; txt_transform=\u00a0\u00bbnone\u00a0\u00bb margin_top=\u00a0\u00bb125&Prime; margin_bottom=\u00a0\u00bb0&Prime; font_family=\u00a0\u00bbnone\u00a0\u00bb align=\u00a0\u00bbcenter\u00a0\u00bb]Notre conservatoire[\/mk_fancy_title][\/mk_slideshow_box][\/vc_column][\/vc_row]\n<\/div>","protected":false},"excerpt":{"rendered":"<p>[vc_row fullwidth=\u00a0\u00bbtrue\u00a0\u00bb attached=\u00a0\u00bbtrue\u00a0\u00bb padding=\u00a0\u00bb0&Prime;][vc_column][mk_page_title_box page_title=\u00a0\u00bbSUR NOTRE CONSERVATOIRE\u00a0\u00bb page_subtitle=\u00a0\u00bbFond\u00e9e il ya plus de 50 ans.\u00a0\u00bb section_height=\u00a0\u00bb500&Prime; bg_image=\u00a0\u00bbhttp:\/\/westislandmusiclessons.ca\/wp-content\/uploads\/2016\/10\/pierre-lauzon-with-gretsch.jpg\u00a0\u00bb bg_position=\u00a0\u00bbcenter center\u00a0\u00bb bg_stretch=\u00a0\u00bbtrue\u00a0\u00bb overlay=\u00a0\u00bbrgba(80,90,95,0.8)\u00a0\u00bb bg_effects=\u00a0\u00bbparallax\u00a0\u00bb title_letter_spacing=\u00a0\u00bb1&Prime; font_color=\u00a0\u00bb#dd9933&Prime; font_weight=\u00a0\u00bb900&Prime; underline=\u00a0\u00bbfalse\u00a0\u00bb padding=\u00a0\u00bb15&Prime; sub_font_size=\u00a0\u00bb20&Prime; sub_font_color=\u00a0\u00bb#ffffff\u00a0\u00bb][\/vc_column][\/vc_row][vc_row][vc_column css=\u00a0\u00bb.vc_custom_1411644205333{padding-top: 95px !important;padding-bottom: 120px !important;}\u00a0\u00bb][mk_fancy_title tag_name=\u00a0\u00bbh3&Prime; color=\u00a0\u00bb#444444&Prime; size=\u00a0\u00bb34&Prime; txt_transform=\u00a0\u00bbnone\u00a0\u00bb margin_bottom=\u00a0\u00bb60&Prime; font_family=\u00a0\u00bbnone\u00a0\u00bb align=\u00a0\u00bbcenter\u00a0\u00bb]Des professeurs hautement qualifi\u00e9s[\/mk_fancy_title][vc_row_inner padding=\u00a0\u00bb1&Prime;][vc_column_inner width=\u00a0\u00bb1\/2&Prime;][vc_column_text]Fond\u00e9 il y a plus de 50 ans, le Conservatoire de [&hellip;]<\/p>\n","protected":false},"author":2,"featured_media":0,"parent":0,"menu_order":6,"comment_status":"open","ping_status":"closed","template":"","meta":{"footnotes":""},"class_list":["post-7025","page","type-page","status-publish","hentry"],"yoast_head":"<!-- This site is optimized with the Yoast SEO plugin v27.2 - https:\/\/yoast.com\/product\/yoast-seo-wordpress\/ -->\n<title>Qui sommes-nous? - West Island Conservatory of Music<\/title>\n<meta name=\"robots\" content=\"index, follow, max-snippet:-1, max-image-preview:large, max-video-preview:-1\" \/>\n<link rel=\"canonical\" href=\"https:\/\/westislandmusiclessons.com\/fr\/qui-sommes-nous\/\" \/>\n<meta property=\"og:locale\" content=\"fr_FR\" \/>\n<meta property=\"og:type\" content=\"article\" \/>\n<meta property=\"og:title\" content=\"Qui sommes-nous? - West Island Conservatory of Music\" \/>\n<meta property=\"og:description\" content=\"[vc_row fullwidth=\u00a0\u00bbtrue\u00a0\u00bb attached=\u00a0\u00bbtrue\u00a0\u00bb padding=\u00a0\u00bb0&Prime;][vc_column][mk_page_title_box page_title=\u00a0\u00bbSUR NOTRE CONSERVATOIRE\u00a0\u00bb page_subtitle=\u00a0\u00bbFond\u00e9e il ya plus de 50 ans.\u00a0\u00bb section_height=\u00a0\u00bb500&Prime; bg_image=\u00a0\u00bbhttp:\/\/westislandmusiclessons.ca\/wp-content\/uploads\/2016\/10\/pierre-lauzon-with-gretsch.jpg\u00a0\u00bb bg_position=\u00a0\u00bbcenter center\u00a0\u00bb bg_stretch=\u00a0\u00bbtrue\u00a0\u00bb overlay=\u00a0\u00bbrgba(80,90,95,0.8)\u00a0\u00bb bg_effects=\u00a0\u00bbparallax\u00a0\u00bb title_letter_spacing=\u00a0\u00bb1&Prime; font_color=\u00a0\u00bb#dd9933&Prime; font_weight=\u00a0\u00bb900&Prime; underline=\u00a0\u00bbfalse\u00a0\u00bb padding=\u00a0\u00bb15&Prime; sub_font_size=\u00a0\u00bb20&Prime; sub_font_color=\u00a0\u00bb#ffffff\u00a0\u00bb][\/vc_column][\/vc_row][vc_row][vc_column css=\u00a0\u00bb.vc_custom_1411644205333{padding-top: 95px !important;padding-bottom: 120px !important;}\u00a0\u00bb][mk_fancy_title tag_name=\u00a0\u00bbh3&Prime; color=\u00a0\u00bb#444444&Prime; size=\u00a0\u00bb34&Prime; txt_transform=\u00a0\u00bbnone\u00a0\u00bb margin_bottom=\u00a0\u00bb60&Prime; font_family=\u00a0\u00bbnone\u00a0\u00bb align=\u00a0\u00bbcenter\u00a0\u00bb]Des professeurs hautement qualifi\u00e9s[\/mk_fancy_title][vc_row_inner padding=\u00a0\u00bb1&Prime;][vc_column_inner width=\u00a0\u00bb1\/2&Prime;][vc_column_text]Fond\u00e9 il y a plus de 50 ans, le Conservatoire de [&hellip;]\" \/>\n<meta property=\"og:url\" content=\"https:\/\/westislandmusiclessons.com\/fr\/qui-sommes-nous\/\" \/>\n<meta property=\"og:site_name\" content=\"West Island Conservatory of Music\" \/>\n<meta property=\"article:publisher\" content=\"https:\/\/www.facebook.com\/West-Island-Conservatory-of-Music-367225573415368\/\" \/>\n<meta property=\"article:modified_time\" content=\"2017-02-14T19:39:51+00:00\" \/>\n<meta name=\"twitter:card\" content=\"summary_large_image\" \/>\n<meta name=\"twitter:label1\" content=\"Dur\u00e9e de lecture estim\u00e9e\" \/>\n\t<meta name=\"twitter:data1\" content=\"2 minutes\" \/>\n<script type=\"application\/ld+json\" class=\"yoast-schema-graph\">{\"@context\":\"https:\/\/schema.org\",\"@graph\":[{\"@type\":\"WebPage\",\"@id\":\"https:\/\/westislandmusiclessons.com\/fr\/qui-sommes-nous\/\",\"url\":\"https:\/\/westislandmusiclessons.com\/fr\/qui-sommes-nous\/\",\"name\":\"Qui sommes-nous? - West Island Conservatory of Music\",\"isPartOf\":{\"@id\":\"https:\/\/westislandmusiclessons.com\/fr\/#website\"},\"datePublished\":\"2016-10-20T16:03:11+00:00\",\"dateModified\":\"2017-02-14T19:39:51+00:00\",\"breadcrumb\":{\"@id\":\"https:\/\/westislandmusiclessons.com\/fr\/qui-sommes-nous\/#breadcrumb\"},\"inLanguage\":\"fr-FR\",\"potentialAction\":[{\"@type\":\"ReadAction\",\"target\":[\"https:\/\/westislandmusiclessons.com\/fr\/qui-sommes-nous\/\"]}]},{\"@type\":\"BreadcrumbList\",\"@id\":\"https:\/\/westislandmusiclessons.com\/fr\/qui-sommes-nous\/#breadcrumb\",\"itemListElement\":[{\"@type\":\"ListItem\",\"position\":1,\"name\":\"Home\",\"item\":\"https:\/\/westislandmusiclessons.com\/fr\/\"},{\"@type\":\"ListItem\",\"position\":2,\"name\":\"Qui sommes-nous?\"}]},{\"@type\":\"WebSite\",\"@id\":\"https:\/\/westislandmusiclessons.com\/fr\/#website\",\"url\":\"https:\/\/westislandmusiclessons.com\/fr\/\",\"name\":\"West Island Conservatory of Music\",\"description\":\"Making music magical\",\"publisher\":{\"@id\":\"https:\/\/westislandmusiclessons.com\/fr\/#organization\"},\"potentialAction\":[{\"@type\":\"SearchAction\",\"target\":{\"@type\":\"EntryPoint\",\"urlTemplate\":\"https:\/\/westislandmusiclessons.com\/fr\/?s={search_term_string}\"},\"query-input\":{\"@type\":\"PropertyValueSpecification\",\"valueRequired\":true,\"valueName\":\"search_term_string\"}}],\"inLanguage\":\"fr-FR\"},{\"@type\":\"Organization\",\"@id\":\"https:\/\/westislandmusiclessons.com\/fr\/#organization\",\"name\":\"West Island Conservatory of Music\",\"url\":\"https:\/\/westislandmusiclessons.com\/fr\/\",\"logo\":{\"@type\":\"ImageObject\",\"inLanguage\":\"fr-FR\",\"@id\":\"https:\/\/westislandmusiclessons.com\/fr\/#\/schema\/logo\/image\/\",\"url\":\"https:\/\/westislandmusiclessons.com\/wp-content\/uploads\/2017\/02\/logo-flip-red.png\",\"contentUrl\":\"https:\/\/westislandmusiclessons.com\/wp-content\/uploads\/2017\/02\/logo-flip-red.png\",\"width\":237,\"height\":107,\"caption\":\"West Island Conservatory of Music\"},\"image\":{\"@id\":\"https:\/\/westislandmusiclessons.com\/fr\/#\/schema\/logo\/image\/\"},\"sameAs\":[\"https:\/\/www.facebook.com\/West-Island-Conservatory-of-Music-367225573415368\/\"]}]}<\/script>\n<!-- \/ Yoast SEO plugin. -->","yoast_head_json":{"title":"Qui sommes-nous? - West Island Conservatory of Music","robots":{"index":"index","follow":"follow","max-snippet":"max-snippet:-1","max-image-preview":"max-image-preview:large","max-video-preview":"max-video-preview:-1"},"canonical":"https:\/\/westislandmusiclessons.com\/fr\/qui-sommes-nous\/","og_locale":"fr_FR","og_type":"article","og_title":"Qui sommes-nous? - West Island Conservatory of Music","og_description":"[vc_row fullwidth=\u00a0\u00bbtrue\u00a0\u00bb attached=\u00a0\u00bbtrue\u00a0\u00bb padding=\u00a0\u00bb0&Prime;][vc_column][mk_page_title_box page_title=\u00a0\u00bbSUR NOTRE CONSERVATOIRE\u00a0\u00bb page_subtitle=\u00a0\u00bbFond\u00e9e il ya plus de 50 ans.\u00a0\u00bb section_height=\u00a0\u00bb500&Prime; bg_image=\u00a0\u00bbhttp:\/\/westislandmusiclessons.ca\/wp-content\/uploads\/2016\/10\/pierre-lauzon-with-gretsch.jpg\u00a0\u00bb bg_position=\u00a0\u00bbcenter center\u00a0\u00bb bg_stretch=\u00a0\u00bbtrue\u00a0\u00bb overlay=\u00a0\u00bbrgba(80,90,95,0.8)\u00a0\u00bb bg_effects=\u00a0\u00bbparallax\u00a0\u00bb title_letter_spacing=\u00a0\u00bb1&Prime; font_color=\u00a0\u00bb#dd9933&Prime; font_weight=\u00a0\u00bb900&Prime; underline=\u00a0\u00bbfalse\u00a0\u00bb padding=\u00a0\u00bb15&Prime; sub_font_size=\u00a0\u00bb20&Prime; sub_font_color=\u00a0\u00bb#ffffff\u00a0\u00bb][\/vc_column][\/vc_row][vc_row][vc_column css=\u00a0\u00bb.vc_custom_1411644205333{padding-top: 95px !important;padding-bottom: 120px !important;}\u00a0\u00bb][mk_fancy_title tag_name=\u00a0\u00bbh3&Prime; color=\u00a0\u00bb#444444&Prime; size=\u00a0\u00bb34&Prime; txt_transform=\u00a0\u00bbnone\u00a0\u00bb margin_bottom=\u00a0\u00bb60&Prime; font_family=\u00a0\u00bbnone\u00a0\u00bb align=\u00a0\u00bbcenter\u00a0\u00bb]Des professeurs hautement qualifi\u00e9s[\/mk_fancy_title][vc_row_inner padding=\u00a0\u00bb1&Prime;][vc_column_inner width=\u00a0\u00bb1\/2&Prime;][vc_column_text]Fond\u00e9 il y a plus de 50 ans, le Conservatoire de [&hellip;]","og_url":"https:\/\/westislandmusiclessons.com\/fr\/qui-sommes-nous\/","og_site_name":"West Island Conservatory of Music","article_publisher":"https:\/\/www.facebook.com\/West-Island-Conservatory-of-Music-367225573415368\/","article_modified_time":"2017-02-14T19:39:51+00:00","twitter_card":"summary_large_image","twitter_misc":{"Dur\u00e9e de lecture estim\u00e9e":"2 minutes"},"schema":{"@context":"https:\/\/schema.org","@graph":[{"@type":"WebPage","@id":"https:\/\/westislandmusiclessons.com\/fr\/qui-sommes-nous\/","url":"https:\/\/westislandmusiclessons.com\/fr\/qui-sommes-nous\/","name":"Qui sommes-nous? - West Island Conservatory of Music","isPartOf":{"@id":"https:\/\/westislandmusiclessons.com\/fr\/#website"},"datePublished":"2016-10-20T16:03:11+00:00","dateModified":"2017-02-14T19:39:51+00:00","breadcrumb":{"@id":"https:\/\/westislandmusiclessons.com\/fr\/qui-sommes-nous\/#breadcrumb"},"inLanguage":"fr-FR","potentialAction":[{"@type":"ReadAction","target":["https:\/\/westislandmusiclessons.com\/fr\/qui-sommes-nous\/"]}]},{"@type":"BreadcrumbList","@id":"https:\/\/westislandmusiclessons.com\/fr\/qui-sommes-nous\/#breadcrumb","itemListElement":[{"@type":"ListItem","position":1,"name":"Home","item":"https:\/\/westislandmusiclessons.com\/fr\/"},{"@type":"ListItem","position":2,"name":"Qui sommes-nous?"}]},{"@type":"WebSite","@id":"https:\/\/westislandmusiclessons.com\/fr\/#website","url":"https:\/\/westislandmusiclessons.com\/fr\/","name":"West Island Conservatory of Music","description":"Making music magical","publisher":{"@id":"https:\/\/westislandmusiclessons.com\/fr\/#organization"},"potentialAction":[{"@type":"SearchAction","target":{"@type":"EntryPoint","urlTemplate":"https:\/\/westislandmusiclessons.com\/fr\/?s={search_term_string}"},"query-input":{"@type":"PropertyValueSpecification","valueRequired":true,"valueName":"search_term_string"}}],"inLanguage":"fr-FR"},{"@type":"Organization","@id":"https:\/\/westislandmusiclessons.com\/fr\/#organization","name":"West Island Conservatory of Music","url":"https:\/\/westislandmusiclessons.com\/fr\/","logo":{"@type":"ImageObject","inLanguage":"fr-FR","@id":"https:\/\/westislandmusiclessons.com\/fr\/#\/schema\/logo\/image\/","url":"https:\/\/westislandmusiclessons.com\/wp-content\/uploads\/2017\/02\/logo-flip-red.png","contentUrl":"https:\/\/westislandmusiclessons.com\/wp-content\/uploads\/2017\/02\/logo-flip-red.png","width":237,"height":107,"caption":"West Island Conservatory of Music"},"image":{"@id":"https:\/\/westislandmusiclessons.com\/fr\/#\/schema\/logo\/image\/"},"sameAs":["https:\/\/www.facebook.com\/West-Island-Conservatory-of-Music-367225573415368\/"]}]}},"_links":{"self":[{"href":"https:\/\/westislandmusiclessons.com\/fr\/wp-json\/wp\/v2\/pages\/7025","targetHints":{"allow":["GET"]}}],"collection":[{"href":"https:\/\/westislandmusiclessons.com\/fr\/wp-json\/wp\/v2\/pages"}],"about":[{"href":"https:\/\/westislandmusiclessons.com\/fr\/wp-json\/wp\/v2\/types\/page"}],"author":[{"embeddable":true,"href":"https:\/\/westislandmusiclessons.com\/fr\/wp-json\/wp\/v2\/users\/2"}],"replies":[{"embeddable":true,"href":"https:\/\/westislandmusiclessons.com\/fr\/wp-json\/wp\/v2\/comments?post=7025"}],"version-history":[{"count":1,"href":"https:\/\/westislandmusiclessons.com\/fr\/wp-json\/wp\/v2\/pages\/7025\/revisions"}],"predecessor-version":[{"id":7568,"href":"https:\/\/westislandmusiclessons.com\/fr\/wp-json\/wp\/v2\/pages\/7025\/revisions\/7568"}],"wp:attachment":[{"href":"https:\/\/westislandmusiclessons.com\/fr\/wp-json\/wp\/v2\/media?parent=7025"}],"curies":[{"name":"wp","href":"https:\/\/api.w.org\/{rel}","templated":true}]}}