{"id":6990,"date":"2016-11-24T09:39:18","date_gmt":"2016-11-24T14:39:18","guid":{"rendered":"http:\/\/ms.cashin.ca\/wicm1\/fr\/autre\/violin\/"},"modified":"2017-02-20T12:30:34","modified_gmt":"2017-02-20T17:30:34","slug":"violon","status":"publish","type":"page","link":"https:\/\/westislandmusiclessons.com\/fr\/cours\/violon\/","title":{"rendered":"Violon"},"content":{"rendered":"<div class=\"wpb-content-wrapper\">[vc_row][vc_column][mk_ornamental_title font_family=\u00a0\u00bbnone\u00a0\u00bb font_size=\u00a0\u00bb45&Prime; font_weight=\u00a0\u00bbbold\u00a0\u00bb font_style=\u00a0\u00bbnormal\u00a0\u00bb ornament_style=\u00a0\u00bbrovi-double\u00a0\u00bb ornament_thickness=\u00a0\u00bb3&Prime; animation=\u00a0\u00bbscale-up\u00a0\u00bb]\n<p style=\"text-align: center;\">Cours de violon<\/p>\n[\/mk_ornamental_title][vc_column_text]Instruction de violon de d\u00e9butant \u00e0 avanc\u00e9. Tous les \u00e2ges sont accept\u00e9s[\/vc_column_text][vc_row_inner][vc_column_inner][vc_single_image image=\u00a0\u00bb7614&Prime; img_size=\u00a0\u00bbfull\u00a0\u00bb alignment=\u00a0\u00bbcenter\u00a0\u00bb][\/vc_column_inner][\/vc_row_inner][\/vc_column][\/vc_row][vc_row][vc_column][vc_column_text]En apprenant \u00e0 jouer du violon, il est tr\u00e8s important de prendre des cours de violon. Les d\u00e9butants peuvent commencer d\u00e8s l&rsquo;\u00e2ge de quatre ans. Il ya trop de choses qui peuvent aller mal si l&rsquo;on pense qu&rsquo;ils peuvent apprendre cet instrument sans prendre de le\u00e7on de violon.<\/p>\n<p>C&rsquo;est un instrument d&rsquo;orchestre qui n\u00e9cessite un positionnement pr\u00e9cis du cou, des \u00e9paules et des bras pour jouer des notes r\u00e9elles. Lorsque cet instrument est jou\u00e9 mal, il suffit d&rsquo;effrayer le chat et le chien de la salle. Prenez des cours de violon et rendez-vous agr\u00e9able pour tous.<\/p>\n<p>Le violon appartient \u00e0 la famille de cordes des instruments. C&rsquo;est un favori dans les orchestres, les pistes sonores pour les films (en particulier les sc\u00e8nes dramatiques \u00e9motionnelles), et les \u00e9v\u00e9nements nobles et les rassemblements. Quand le Violon est jou\u00e9 bien il envoie des frissons d&rsquo;harmonie musicale \u00e0 tous.[\/vc_column_text][\/vc_column][\/vc_row]\n<\/div>","protected":false},"excerpt":{"rendered":"<p>[vc_row][vc_column][mk_ornamental_title font_family=\u00a0\u00bbnone\u00a0\u00bb font_size=\u00a0\u00bb45&Prime; font_weight=\u00a0\u00bbbold\u00a0\u00bb font_style=\u00a0\u00bbnormal\u00a0\u00bb ornament_style=\u00a0\u00bbrovi-double\u00a0\u00bb ornament_thickness=\u00a0\u00bb3&Prime; animation=\u00a0\u00bbscale-up\u00a0\u00bb] Cours de violon [\/mk_ornamental_title][vc_column_text]Instruction de violon de d\u00e9butant \u00e0 avanc\u00e9. Tous les \u00e2ges sont accept\u00e9s[\/vc_column_text][vc_row_inner][vc_column_inner][vc_single_image image=\u00a0\u00bb7614&Prime; img_size=\u00a0\u00bbfull\u00a0\u00bb alignment=\u00a0\u00bbcenter\u00a0\u00bb][\/vc_column_inner][\/vc_row_inner][\/vc_column][\/vc_row][vc_row][vc_column][vc_column_text]En apprenant \u00e0 jouer du violon, il est tr\u00e8s important de prendre des cours de violon. Les d\u00e9butants peuvent commencer d\u00e8s l&rsquo;\u00e2ge de quatre ans. Il ya trop de choses [&hellip;]<\/p>\n","protected":false},"author":1,"featured_media":0,"parent":7266,"menu_order":0,"comment_status":"closed","ping_status":"closed","template":"","meta":{"footnotes":""},"class_list":["post-6990","page","type-page","status-publish","hentry"],"yoast_head":"<!-- This site is optimized with the Yoast SEO plugin v27.3 - https:\/\/yoast.com\/product\/yoast-seo-wordpress\/ -->\n<title>Violon - West Island Conservatory of Music<\/title>\n<meta name=\"robots\" content=\"index, follow, max-snippet:-1, max-image-preview:large, max-video-preview:-1\" \/>\n<link rel=\"canonical\" href=\"https:\/\/westislandmusiclessons.com\/fr\/cours\/violon\/\" \/>\n<meta property=\"og:locale\" content=\"fr_FR\" \/>\n<meta property=\"og:type\" content=\"article\" \/>\n<meta property=\"og:title\" content=\"Violon - West Island Conservatory of Music\" \/>\n<meta property=\"og:description\" content=\"[vc_row][vc_column][mk_ornamental_title font_family=\u00a0\u00bbnone\u00a0\u00bb font_size=\u00a0\u00bb45&Prime; font_weight=\u00a0\u00bbbold\u00a0\u00bb font_style=\u00a0\u00bbnormal\u00a0\u00bb ornament_style=\u00a0\u00bbrovi-double\u00a0\u00bb ornament_thickness=\u00a0\u00bb3&Prime; animation=\u00a0\u00bbscale-up\u00a0\u00bb] Cours de violon [\/mk_ornamental_title][vc_column_text]Instruction de violon de d\u00e9butant \u00e0 avanc\u00e9. Tous les \u00e2ges sont accept\u00e9s[\/vc_column_text][vc_row_inner][vc_column_inner][vc_single_image image=\u00a0\u00bb7614&Prime; img_size=\u00a0\u00bbfull\u00a0\u00bb alignment=\u00a0\u00bbcenter\u00a0\u00bb][\/vc_column_inner][\/vc_row_inner][\/vc_column][\/vc_row][vc_row][vc_column][vc_column_text]En apprenant \u00e0 jouer du violon, il est tr\u00e8s important de prendre des cours de violon. Les d\u00e9butants peuvent commencer d\u00e8s l&rsquo;\u00e2ge de quatre ans. Il ya trop de choses [&hellip;]\" \/>\n<meta property=\"og:url\" content=\"https:\/\/westislandmusiclessons.com\/fr\/cours\/violon\/\" \/>\n<meta property=\"og:site_name\" content=\"West Island Conservatory of Music\" \/>\n<meta property=\"article:publisher\" content=\"https:\/\/www.facebook.com\/West-Island-Conservatory-of-Music-367225573415368\/\" \/>\n<meta property=\"article:modified_time\" content=\"2017-02-20T17:30:34+00:00\" \/>\n<meta name=\"twitter:card\" content=\"summary_large_image\" \/>\n<meta name=\"twitter:label1\" content=\"Dur\u00e9e de lecture estim\u00e9e\" \/>\n\t<meta name=\"twitter:data1\" content=\"1 minute\" \/>\n<script type=\"application\/ld+json\" class=\"yoast-schema-graph\">{\"@context\":\"https:\\\/\\\/schema.org\",\"@graph\":[{\"@type\":\"WebPage\",\"@id\":\"https:\\\/\\\/westislandmusiclessons.com\\\/fr\\\/cours\\\/violon\\\/\",\"url\":\"https:\\\/\\\/westislandmusiclessons.com\\\/fr\\\/cours\\\/violon\\\/\",\"name\":\"Violon - West Island Conservatory of Music\",\"isPartOf\":{\"@id\":\"https:\\\/\\\/westislandmusiclessons.com\\\/fr\\\/#website\"},\"datePublished\":\"2016-11-24T14:39:18+00:00\",\"dateModified\":\"2017-02-20T17:30:34+00:00\",\"breadcrumb\":{\"@id\":\"https:\\\/\\\/westislandmusiclessons.com\\\/fr\\\/cours\\\/violon\\\/#breadcrumb\"},\"inLanguage\":\"fr-FR\",\"potentialAction\":[{\"@type\":\"ReadAction\",\"target\":[\"https:\\\/\\\/westislandmusiclessons.com\\\/fr\\\/cours\\\/violon\\\/\"]}]},{\"@type\":\"BreadcrumbList\",\"@id\":\"https:\\\/\\\/westislandmusiclessons.com\\\/fr\\\/cours\\\/violon\\\/#breadcrumb\",\"itemListElement\":[{\"@type\":\"ListItem\",\"position\":1,\"name\":\"Home\",\"item\":\"https:\\\/\\\/westislandmusiclessons.com\\\/fr\\\/\"},{\"@type\":\"ListItem\",\"position\":2,\"name\":\"Cours\",\"item\":\"https:\\\/\\\/westislandmusiclessons.com\\\/fr\\\/cours\\\/\"},{\"@type\":\"ListItem\",\"position\":3,\"name\":\"Violon\"}]},{\"@type\":\"WebSite\",\"@id\":\"https:\\\/\\\/westislandmusiclessons.com\\\/fr\\\/#website\",\"url\":\"https:\\\/\\\/westislandmusiclessons.com\\\/fr\\\/\",\"name\":\"West Island Conservatory of Music\",\"description\":\"Making music magical\",\"publisher\":{\"@id\":\"https:\\\/\\\/westislandmusiclessons.com\\\/fr\\\/#organization\"},\"potentialAction\":[{\"@type\":\"SearchAction\",\"target\":{\"@type\":\"EntryPoint\",\"urlTemplate\":\"https:\\\/\\\/westislandmusiclessons.com\\\/fr\\\/?s={search_term_string}\"},\"query-input\":{\"@type\":\"PropertyValueSpecification\",\"valueRequired\":true,\"valueName\":\"search_term_string\"}}],\"inLanguage\":\"fr-FR\"},{\"@type\":\"Organization\",\"@id\":\"https:\\\/\\\/westislandmusiclessons.com\\\/fr\\\/#organization\",\"name\":\"West Island Conservatory of Music\",\"url\":\"https:\\\/\\\/westislandmusiclessons.com\\\/fr\\\/\",\"logo\":{\"@type\":\"ImageObject\",\"inLanguage\":\"fr-FR\",\"@id\":\"https:\\\/\\\/westislandmusiclessons.com\\\/fr\\\/#\\\/schema\\\/logo\\\/image\\\/\",\"url\":\"https:\\\/\\\/westislandmusiclessons.com\\\/wp-content\\\/uploads\\\/2017\\\/02\\\/logo-flip-red.png\",\"contentUrl\":\"https:\\\/\\\/westislandmusiclessons.com\\\/wp-content\\\/uploads\\\/2017\\\/02\\\/logo-flip-red.png\",\"width\":237,\"height\":107,\"caption\":\"West Island Conservatory of Music\"},\"image\":{\"@id\":\"https:\\\/\\\/westislandmusiclessons.com\\\/fr\\\/#\\\/schema\\\/logo\\\/image\\\/\"},\"sameAs\":[\"https:\\\/\\\/www.facebook.com\\\/West-Island-Conservatory-of-Music-367225573415368\\\/\"]}]}<\/script>\n<!-- \/ Yoast SEO plugin. -->","yoast_head_json":{"title":"Violon - West Island Conservatory of Music","robots":{"index":"index","follow":"follow","max-snippet":"max-snippet:-1","max-image-preview":"max-image-preview:large","max-video-preview":"max-video-preview:-1"},"canonical":"https:\/\/westislandmusiclessons.com\/fr\/cours\/violon\/","og_locale":"fr_FR","og_type":"article","og_title":"Violon - West Island Conservatory of Music","og_description":"[vc_row][vc_column][mk_ornamental_title font_family=\u00a0\u00bbnone\u00a0\u00bb font_size=\u00a0\u00bb45&Prime; font_weight=\u00a0\u00bbbold\u00a0\u00bb font_style=\u00a0\u00bbnormal\u00a0\u00bb ornament_style=\u00a0\u00bbrovi-double\u00a0\u00bb ornament_thickness=\u00a0\u00bb3&Prime; animation=\u00a0\u00bbscale-up\u00a0\u00bb] Cours de violon [\/mk_ornamental_title][vc_column_text]Instruction de violon de d\u00e9butant \u00e0 avanc\u00e9. Tous les \u00e2ges sont accept\u00e9s[\/vc_column_text][vc_row_inner][vc_column_inner][vc_single_image image=\u00a0\u00bb7614&Prime; img_size=\u00a0\u00bbfull\u00a0\u00bb alignment=\u00a0\u00bbcenter\u00a0\u00bb][\/vc_column_inner][\/vc_row_inner][\/vc_column][\/vc_row][vc_row][vc_column][vc_column_text]En apprenant \u00e0 jouer du violon, il est tr\u00e8s important de prendre des cours de violon. Les d\u00e9butants peuvent commencer d\u00e8s l&rsquo;\u00e2ge de quatre ans. Il ya trop de choses [&hellip;]","og_url":"https:\/\/westislandmusiclessons.com\/fr\/cours\/violon\/","og_site_name":"West Island Conservatory of Music","article_publisher":"https:\/\/www.facebook.com\/West-Island-Conservatory-of-Music-367225573415368\/","article_modified_time":"2017-02-20T17:30:34+00:00","twitter_card":"summary_large_image","twitter_misc":{"Dur\u00e9e de lecture estim\u00e9e":"1 minute"},"schema":{"@context":"https:\/\/schema.org","@graph":[{"@type":"WebPage","@id":"https:\/\/westislandmusiclessons.com\/fr\/cours\/violon\/","url":"https:\/\/westislandmusiclessons.com\/fr\/cours\/violon\/","name":"Violon - West Island Conservatory of Music","isPartOf":{"@id":"https:\/\/westislandmusiclessons.com\/fr\/#website"},"datePublished":"2016-11-24T14:39:18+00:00","dateModified":"2017-02-20T17:30:34+00:00","breadcrumb":{"@id":"https:\/\/westislandmusiclessons.com\/fr\/cours\/violon\/#breadcrumb"},"inLanguage":"fr-FR","potentialAction":[{"@type":"ReadAction","target":["https:\/\/westislandmusiclessons.com\/fr\/cours\/violon\/"]}]},{"@type":"BreadcrumbList","@id":"https:\/\/westislandmusiclessons.com\/fr\/cours\/violon\/#breadcrumb","itemListElement":[{"@type":"ListItem","position":1,"name":"Home","item":"https:\/\/westislandmusiclessons.com\/fr\/"},{"@type":"ListItem","position":2,"name":"Cours","item":"https:\/\/westislandmusiclessons.com\/fr\/cours\/"},{"@type":"ListItem","position":3,"name":"Violon"}]},{"@type":"WebSite","@id":"https:\/\/westislandmusiclessons.com\/fr\/#website","url":"https:\/\/westislandmusiclessons.com\/fr\/","name":"West Island Conservatory of Music","description":"Making music magical","publisher":{"@id":"https:\/\/westislandmusiclessons.com\/fr\/#organization"},"potentialAction":[{"@type":"SearchAction","target":{"@type":"EntryPoint","urlTemplate":"https:\/\/westislandmusiclessons.com\/fr\/?s={search_term_string}"},"query-input":{"@type":"PropertyValueSpecification","valueRequired":true,"valueName":"search_term_string"}}],"inLanguage":"fr-FR"},{"@type":"Organization","@id":"https:\/\/westislandmusiclessons.com\/fr\/#organization","name":"West Island Conservatory of Music","url":"https:\/\/westislandmusiclessons.com\/fr\/","logo":{"@type":"ImageObject","inLanguage":"fr-FR","@id":"https:\/\/westislandmusiclessons.com\/fr\/#\/schema\/logo\/image\/","url":"https:\/\/westislandmusiclessons.com\/wp-content\/uploads\/2017\/02\/logo-flip-red.png","contentUrl":"https:\/\/westislandmusiclessons.com\/wp-content\/uploads\/2017\/02\/logo-flip-red.png","width":237,"height":107,"caption":"West Island Conservatory of Music"},"image":{"@id":"https:\/\/westislandmusiclessons.com\/fr\/#\/schema\/logo\/image\/"},"sameAs":["https:\/\/www.facebook.com\/West-Island-Conservatory-of-Music-367225573415368\/"]}]}},"_links":{"self":[{"href":"https:\/\/westislandmusiclessons.com\/fr\/wp-json\/wp\/v2\/pages\/6990","targetHints":{"allow":["GET"]}}],"collection":[{"href":"https:\/\/westislandmusiclessons.com\/fr\/wp-json\/wp\/v2\/pages"}],"about":[{"href":"https:\/\/westislandmusiclessons.com\/fr\/wp-json\/wp\/v2\/types\/page"}],"author":[{"embeddable":true,"href":"https:\/\/westislandmusiclessons.com\/fr\/wp-json\/wp\/v2\/users\/1"}],"replies":[{"embeddable":true,"href":"https:\/\/westislandmusiclessons.com\/fr\/wp-json\/wp\/v2\/comments?post=6990"}],"version-history":[{"count":1,"href":"https:\/\/westislandmusiclessons.com\/fr\/wp-json\/wp\/v2\/pages\/6990\/revisions"}],"predecessor-version":[{"id":7899,"href":"https:\/\/westislandmusiclessons.com\/fr\/wp-json\/wp\/v2\/pages\/6990\/revisions\/7899"}],"up":[{"embeddable":true,"href":"https:\/\/westislandmusiclessons.com\/fr\/wp-json\/wp\/v2\/pages\/7266"}],"wp:attachment":[{"href":"https:\/\/westislandmusiclessons.com\/fr\/wp-json\/wp\/v2\/media?parent=6990"}],"curies":[{"name":"wp","href":"https:\/\/api.w.org\/{rel}","templated":true}]}}