{"id":6964,"date":"2016-11-23T14:54:28","date_gmt":"2016-11-23T19:54:28","guid":{"rendered":"http:\/\/ms.cashin.ca\/wicm1\/fr\/other\/drums\/"},"modified":"2017-02-20T11:36:39","modified_gmt":"2017-02-20T16:36:39","slug":"tambours","status":"publish","type":"page","link":"https:\/\/westislandmusiclessons.com\/fr\/cours\/tambours\/","title":{"rendered":"tambours"},"content":{"rendered":"<div class=\"wpb-content-wrapper\">[vc_row][vc_column][mk_ornamental_title font_family=\u00a0\u00bbnone\u00a0\u00bb font_size=\u00a0\u00bb45&Prime; font_weight=\u00a0\u00bbbold\u00a0\u00bb font_style=\u00a0\u00bbnormal\u00a0\u00bb ornament_style=\u00a0\u00bbrovi-double\u00a0\u00bb ornament_thickness=\u00a0\u00bb3&Prime; animation=\u00a0\u00bbscale-up\u00a0\u00bb]\n<p style=\"text-align: center;\">Cours de batterie<\/p>\n[\/mk_ornamental_title][vc_row_inner][vc_column_inner][vc_single_image image=\u00a0\u00bb7884&Prime; img_size=\u00a0\u00bbfull\u00a0\u00bb alignment=\u00a0\u00bbcenter\u00a0\u00bb][\/vc_column_inner][\/vc_row_inner][vc_column_text]Techniques Precision Drum, du d\u00e9butant au avanc\u00e9.[\/vc_column_text][\/vc_column][\/vc_row][vc_row][vc_column][vc_column_text]Si vous avez un niveau d&rsquo;\u00e9nergie \u00e9lev\u00e9 et comme le rythme que c&rsquo;est l&rsquo;instrument pour vous.<\/p>\n<p>En prenant des le\u00e7ons de tambour on apprend \u00e9galement beaucoup sur les rythmes et les coordonner ensemble pour former la chanson, donc l&rsquo;\u00e9pine dorsale de la bande. Les batteurs sont plus que cool, ils sont une partie essentielle dans chaque bande.<\/p>\n<p>Les le\u00e7ons de tambour aideront n&rsquo;importe quel batteur d\u00e9butant, interm\u00e9diaire ou avanc\u00e9 \u00e0 perfectionner leurs comp\u00e9tences et \u00e0 amener leur bande vers l&rsquo;avant \u00e0 un plus haut niveau de succ\u00e8s.<\/p>\n<p>Lorsque vous prenez des le\u00e7ons de batterie \u00e0 notre v\u00e9randa, vous vous retrouverez dans un \u00e9tat de l&rsquo;art sonore studio de batterie \u00e0 la preuve qui est de haute technologie pour assurer un apprentissage optimal.<\/p>\n<p>Donc, si vous cherchez \u00e0 maintenir un rythme cool ou conduire votre bande dans le succ\u00e8s futur et oui \u00eatre le Cool frapper ceux hors les battements de mur que les le\u00e7ons de batterie sont pour vous. Communiquez avec le Conservatoire de musique de l&rsquo;Ouest de l&rsquo;\u00cele aujourd&rsquo;hui et commencez![\/vc_column_text][\/vc_column][\/vc_row]\n<\/div>","protected":false},"excerpt":{"rendered":"<p>[vc_row][vc_column][mk_ornamental_title font_family=\u00a0\u00bbnone\u00a0\u00bb font_size=\u00a0\u00bb45&Prime; font_weight=\u00a0\u00bbbold\u00a0\u00bb font_style=\u00a0\u00bbnormal\u00a0\u00bb ornament_style=\u00a0\u00bbrovi-double\u00a0\u00bb ornament_thickness=\u00a0\u00bb3&Prime; animation=\u00a0\u00bbscale-up\u00a0\u00bb] Cours de batterie [\/mk_ornamental_title][vc_row_inner][vc_column_inner][vc_single_image image=\u00a0\u00bb7884&Prime; img_size=\u00a0\u00bbfull\u00a0\u00bb alignment=\u00a0\u00bbcenter\u00a0\u00bb][\/vc_column_inner][\/vc_row_inner][vc_column_text]Techniques Precision Drum, du d\u00e9butant au avanc\u00e9.[\/vc_column_text][\/vc_column][\/vc_row][vc_row][vc_column][vc_column_text]Si vous avez un niveau d&rsquo;\u00e9nergie \u00e9lev\u00e9 et comme le rythme que c&rsquo;est l&rsquo;instrument pour vous. En prenant des le\u00e7ons de tambour on apprend \u00e9galement beaucoup sur les rythmes et les coordonner ensemble pour former [&hellip;]<\/p>\n","protected":false},"author":1,"featured_media":0,"parent":7266,"menu_order":0,"comment_status":"closed","ping_status":"closed","template":"","meta":{"footnotes":""},"class_list":["post-6964","page","type-page","status-publish","hentry"],"yoast_head":"<!-- This site is optimized with the Yoast SEO plugin v27.3 - https:\/\/yoast.com\/product\/yoast-seo-wordpress\/ -->\n<title>tambours - West Island Conservatory of Music<\/title>\n<meta name=\"robots\" content=\"index, follow, max-snippet:-1, max-image-preview:large, max-video-preview:-1\" \/>\n<link rel=\"canonical\" href=\"https:\/\/westislandmusiclessons.com\/fr\/cours\/tambours\/\" \/>\n<meta property=\"og:locale\" content=\"fr_FR\" \/>\n<meta property=\"og:type\" content=\"article\" \/>\n<meta property=\"og:title\" content=\"tambours - West Island Conservatory of Music\" \/>\n<meta property=\"og:description\" content=\"[vc_row][vc_column][mk_ornamental_title font_family=\u00a0\u00bbnone\u00a0\u00bb font_size=\u00a0\u00bb45&Prime; font_weight=\u00a0\u00bbbold\u00a0\u00bb font_style=\u00a0\u00bbnormal\u00a0\u00bb ornament_style=\u00a0\u00bbrovi-double\u00a0\u00bb ornament_thickness=\u00a0\u00bb3&Prime; animation=\u00a0\u00bbscale-up\u00a0\u00bb] Cours de batterie [\/mk_ornamental_title][vc_row_inner][vc_column_inner][vc_single_image image=\u00a0\u00bb7884&Prime; img_size=\u00a0\u00bbfull\u00a0\u00bb alignment=\u00a0\u00bbcenter\u00a0\u00bb][\/vc_column_inner][\/vc_row_inner][vc_column_text]Techniques Precision Drum, du d\u00e9butant au avanc\u00e9.[\/vc_column_text][\/vc_column][\/vc_row][vc_row][vc_column][vc_column_text]Si vous avez un niveau d&rsquo;\u00e9nergie \u00e9lev\u00e9 et comme le rythme que c&rsquo;est l&rsquo;instrument pour vous. En prenant des le\u00e7ons de tambour on apprend \u00e9galement beaucoup sur les rythmes et les coordonner ensemble pour former [&hellip;]\" \/>\n<meta property=\"og:url\" content=\"https:\/\/westislandmusiclessons.com\/fr\/cours\/tambours\/\" \/>\n<meta property=\"og:site_name\" content=\"West Island Conservatory of Music\" \/>\n<meta property=\"article:publisher\" content=\"https:\/\/www.facebook.com\/West-Island-Conservatory-of-Music-367225573415368\/\" \/>\n<meta property=\"article:modified_time\" content=\"2017-02-20T16:36:39+00:00\" \/>\n<meta name=\"twitter:card\" content=\"summary_large_image\" \/>\n<meta name=\"twitter:label1\" content=\"Dur\u00e9e de lecture estim\u00e9e\" \/>\n\t<meta name=\"twitter:data1\" content=\"1 minute\" \/>\n<script type=\"application\/ld+json\" class=\"yoast-schema-graph\">{\"@context\":\"https:\\\/\\\/schema.org\",\"@graph\":[{\"@type\":\"WebPage\",\"@id\":\"https:\\\/\\\/westislandmusiclessons.com\\\/fr\\\/cours\\\/tambours\\\/\",\"url\":\"https:\\\/\\\/westislandmusiclessons.com\\\/fr\\\/cours\\\/tambours\\\/\",\"name\":\"tambours - West Island Conservatory of Music\",\"isPartOf\":{\"@id\":\"https:\\\/\\\/westislandmusiclessons.com\\\/fr\\\/#website\"},\"datePublished\":\"2016-11-23T19:54:28+00:00\",\"dateModified\":\"2017-02-20T16:36:39+00:00\",\"breadcrumb\":{\"@id\":\"https:\\\/\\\/westislandmusiclessons.com\\\/fr\\\/cours\\\/tambours\\\/#breadcrumb\"},\"inLanguage\":\"fr-FR\",\"potentialAction\":[{\"@type\":\"ReadAction\",\"target\":[\"https:\\\/\\\/westislandmusiclessons.com\\\/fr\\\/cours\\\/tambours\\\/\"]}]},{\"@type\":\"BreadcrumbList\",\"@id\":\"https:\\\/\\\/westislandmusiclessons.com\\\/fr\\\/cours\\\/tambours\\\/#breadcrumb\",\"itemListElement\":[{\"@type\":\"ListItem\",\"position\":1,\"name\":\"Home\",\"item\":\"https:\\\/\\\/westislandmusiclessons.com\\\/fr\\\/\"},{\"@type\":\"ListItem\",\"position\":2,\"name\":\"Cours\",\"item\":\"https:\\\/\\\/westislandmusiclessons.com\\\/fr\\\/cours\\\/\"},{\"@type\":\"ListItem\",\"position\":3,\"name\":\"tambours\"}]},{\"@type\":\"WebSite\",\"@id\":\"https:\\\/\\\/westislandmusiclessons.com\\\/fr\\\/#website\",\"url\":\"https:\\\/\\\/westislandmusiclessons.com\\\/fr\\\/\",\"name\":\"West Island Conservatory of Music\",\"description\":\"Making music magical\",\"publisher\":{\"@id\":\"https:\\\/\\\/westislandmusiclessons.com\\\/fr\\\/#organization\"},\"potentialAction\":[{\"@type\":\"SearchAction\",\"target\":{\"@type\":\"EntryPoint\",\"urlTemplate\":\"https:\\\/\\\/westislandmusiclessons.com\\\/fr\\\/?s={search_term_string}\"},\"query-input\":{\"@type\":\"PropertyValueSpecification\",\"valueRequired\":true,\"valueName\":\"search_term_string\"}}],\"inLanguage\":\"fr-FR\"},{\"@type\":\"Organization\",\"@id\":\"https:\\\/\\\/westislandmusiclessons.com\\\/fr\\\/#organization\",\"name\":\"West Island Conservatory of Music\",\"url\":\"https:\\\/\\\/westislandmusiclessons.com\\\/fr\\\/\",\"logo\":{\"@type\":\"ImageObject\",\"inLanguage\":\"fr-FR\",\"@id\":\"https:\\\/\\\/westislandmusiclessons.com\\\/fr\\\/#\\\/schema\\\/logo\\\/image\\\/\",\"url\":\"https:\\\/\\\/westislandmusiclessons.com\\\/wp-content\\\/uploads\\\/2017\\\/02\\\/logo-flip-red.png\",\"contentUrl\":\"https:\\\/\\\/westislandmusiclessons.com\\\/wp-content\\\/uploads\\\/2017\\\/02\\\/logo-flip-red.png\",\"width\":237,\"height\":107,\"caption\":\"West Island Conservatory of Music\"},\"image\":{\"@id\":\"https:\\\/\\\/westislandmusiclessons.com\\\/fr\\\/#\\\/schema\\\/logo\\\/image\\\/\"},\"sameAs\":[\"https:\\\/\\\/www.facebook.com\\\/West-Island-Conservatory-of-Music-367225573415368\\\/\"]}]}<\/script>\n<!-- \/ Yoast SEO plugin. -->","yoast_head_json":{"title":"tambours - West Island Conservatory of Music","robots":{"index":"index","follow":"follow","max-snippet":"max-snippet:-1","max-image-preview":"max-image-preview:large","max-video-preview":"max-video-preview:-1"},"canonical":"https:\/\/westislandmusiclessons.com\/fr\/cours\/tambours\/","og_locale":"fr_FR","og_type":"article","og_title":"tambours - West Island Conservatory of Music","og_description":"[vc_row][vc_column][mk_ornamental_title font_family=\u00a0\u00bbnone\u00a0\u00bb font_size=\u00a0\u00bb45&Prime; font_weight=\u00a0\u00bbbold\u00a0\u00bb font_style=\u00a0\u00bbnormal\u00a0\u00bb ornament_style=\u00a0\u00bbrovi-double\u00a0\u00bb ornament_thickness=\u00a0\u00bb3&Prime; animation=\u00a0\u00bbscale-up\u00a0\u00bb] Cours de batterie [\/mk_ornamental_title][vc_row_inner][vc_column_inner][vc_single_image image=\u00a0\u00bb7884&Prime; img_size=\u00a0\u00bbfull\u00a0\u00bb alignment=\u00a0\u00bbcenter\u00a0\u00bb][\/vc_column_inner][\/vc_row_inner][vc_column_text]Techniques Precision Drum, du d\u00e9butant au avanc\u00e9.[\/vc_column_text][\/vc_column][\/vc_row][vc_row][vc_column][vc_column_text]Si vous avez un niveau d&rsquo;\u00e9nergie \u00e9lev\u00e9 et comme le rythme que c&rsquo;est l&rsquo;instrument pour vous. En prenant des le\u00e7ons de tambour on apprend \u00e9galement beaucoup sur les rythmes et les coordonner ensemble pour former [&hellip;]","og_url":"https:\/\/westislandmusiclessons.com\/fr\/cours\/tambours\/","og_site_name":"West Island Conservatory of Music","article_publisher":"https:\/\/www.facebook.com\/West-Island-Conservatory-of-Music-367225573415368\/","article_modified_time":"2017-02-20T16:36:39+00:00","twitter_card":"summary_large_image","twitter_misc":{"Dur\u00e9e de lecture estim\u00e9e":"1 minute"},"schema":{"@context":"https:\/\/schema.org","@graph":[{"@type":"WebPage","@id":"https:\/\/westislandmusiclessons.com\/fr\/cours\/tambours\/","url":"https:\/\/westislandmusiclessons.com\/fr\/cours\/tambours\/","name":"tambours - West Island Conservatory of Music","isPartOf":{"@id":"https:\/\/westislandmusiclessons.com\/fr\/#website"},"datePublished":"2016-11-23T19:54:28+00:00","dateModified":"2017-02-20T16:36:39+00:00","breadcrumb":{"@id":"https:\/\/westislandmusiclessons.com\/fr\/cours\/tambours\/#breadcrumb"},"inLanguage":"fr-FR","potentialAction":[{"@type":"ReadAction","target":["https:\/\/westislandmusiclessons.com\/fr\/cours\/tambours\/"]}]},{"@type":"BreadcrumbList","@id":"https:\/\/westislandmusiclessons.com\/fr\/cours\/tambours\/#breadcrumb","itemListElement":[{"@type":"ListItem","position":1,"name":"Home","item":"https:\/\/westislandmusiclessons.com\/fr\/"},{"@type":"ListItem","position":2,"name":"Cours","item":"https:\/\/westislandmusiclessons.com\/fr\/cours\/"},{"@type":"ListItem","position":3,"name":"tambours"}]},{"@type":"WebSite","@id":"https:\/\/westislandmusiclessons.com\/fr\/#website","url":"https:\/\/westislandmusiclessons.com\/fr\/","name":"West Island Conservatory of Music","description":"Making music magical","publisher":{"@id":"https:\/\/westislandmusiclessons.com\/fr\/#organization"},"potentialAction":[{"@type":"SearchAction","target":{"@type":"EntryPoint","urlTemplate":"https:\/\/westislandmusiclessons.com\/fr\/?s={search_term_string}"},"query-input":{"@type":"PropertyValueSpecification","valueRequired":true,"valueName":"search_term_string"}}],"inLanguage":"fr-FR"},{"@type":"Organization","@id":"https:\/\/westislandmusiclessons.com\/fr\/#organization","name":"West Island Conservatory of Music","url":"https:\/\/westislandmusiclessons.com\/fr\/","logo":{"@type":"ImageObject","inLanguage":"fr-FR","@id":"https:\/\/westislandmusiclessons.com\/fr\/#\/schema\/logo\/image\/","url":"https:\/\/westislandmusiclessons.com\/wp-content\/uploads\/2017\/02\/logo-flip-red.png","contentUrl":"https:\/\/westislandmusiclessons.com\/wp-content\/uploads\/2017\/02\/logo-flip-red.png","width":237,"height":107,"caption":"West Island Conservatory of Music"},"image":{"@id":"https:\/\/westislandmusiclessons.com\/fr\/#\/schema\/logo\/image\/"},"sameAs":["https:\/\/www.facebook.com\/West-Island-Conservatory-of-Music-367225573415368\/"]}]}},"_links":{"self":[{"href":"https:\/\/westislandmusiclessons.com\/fr\/wp-json\/wp\/v2\/pages\/6964","targetHints":{"allow":["GET"]}}],"collection":[{"href":"https:\/\/westislandmusiclessons.com\/fr\/wp-json\/wp\/v2\/pages"}],"about":[{"href":"https:\/\/westislandmusiclessons.com\/fr\/wp-json\/wp\/v2\/types\/page"}],"author":[{"embeddable":true,"href":"https:\/\/westislandmusiclessons.com\/fr\/wp-json\/wp\/v2\/users\/1"}],"replies":[{"embeddable":true,"href":"https:\/\/westislandmusiclessons.com\/fr\/wp-json\/wp\/v2\/comments?post=6964"}],"version-history":[{"count":2,"href":"https:\/\/westislandmusiclessons.com\/fr\/wp-json\/wp\/v2\/pages\/6964\/revisions"}],"predecessor-version":[{"id":7887,"href":"https:\/\/westislandmusiclessons.com\/fr\/wp-json\/wp\/v2\/pages\/6964\/revisions\/7887"}],"up":[{"embeddable":true,"href":"https:\/\/westislandmusiclessons.com\/fr\/wp-json\/wp\/v2\/pages\/7266"}],"wp:attachment":[{"href":"https:\/\/westislandmusiclessons.com\/fr\/wp-json\/wp\/v2\/media?parent=6964"}],"curies":[{"name":"wp","href":"https:\/\/api.w.org\/{rel}","templated":true}]}}